{"id":14189,"date":"2025-09-15T12:43:03","date_gmt":"2025-09-15T10:43:03","guid":{"rendered":"https:\/\/www.construal.es\/formas-de-aperturas-para-ventanas-y-puertas\/"},"modified":"2025-09-15T12:43:03","modified_gmt":"2025-09-15T10:43:03","slug":"formas-de-aperturas-para-ventanas-y-puertas","status":"publish","type":"page","link":"https:\/\/www.construal.es\/eu\/formas-de-aperturas-para-ventanas-y-puertas\/","title":{"rendered":"Formas de aperturas para ventanas y puertas"},"content":{"rendered":"<div class=\"wpb-content-wrapper\"><p>[vc_row css_animation=&#8221;&#8221; row_type=&#8221;row&#8221; use_row_as_full_screen_section=&#8221;no&#8221; type=&#8221;full_width&#8221; angled_section=&#8221;no&#8221; text_align=&#8221;left&#8221; background_image_as_pattern=&#8221;without_pattern&#8221; css=&#8221;.vc_custom_1757933238799{background-color: #FFFFFF !important;}&#8221; z_index=&#8221;&#8221;][vc_column][vc_empty_space height=&#8221;60px&#8221;][vc_row_inner row_type=&#8221;row&#8221; type=&#8221;grid&#8221; text_align=&#8221;center&#8221; css_animation=&#8221;&#8221;][vc_column_inner][vc_basic_grid post_type=&#8221;page&#8221; max_items=&#8221;60&#8243; element_width=&#8221;2&#8243; gap=&#8221;35&#8243; orderby=&#8221;title&#8221; item=&#8221;11702&#8243; css=&#8221;&#8221; grid_id=&#8221;vc_gid:1758002477225-b861e0b4-15e2-10&#8243; taxonomies=&#8221;290&#8243; el_class=&#8221;grid-apertura&#8221;][\/vc_column_inner][\/vc_row_inner][vc_empty_space height=&#8221;40px&#8221;][\/vc_column][\/vc_row][vc_row css_animation=&#8221;&#8221; row_type=&#8221;row&#8221; use_row_as_full_screen_section=&#8221;no&#8221; type=&#8221;full_width&#8221; angled_section=&#8221;no&#8221; text_align=&#8221;left&#8221; background_image_as_pattern=&#8221;without_pattern&#8221; css=&#8221;.vc_custom_1757928688956{margin-top: 0px !important;margin-right: 0px !important;margin-bottom: 0px !important;margin-left: 0px !important;border-top-width: 0px !important;border-right-width: 0px !important;border-bottom-width: 0px !important;border-left-width: 0px !important;padding-top: 0px !important;padding-right: 0px !important;padding-bottom: 0px !important;padding-left: 0px !important;background-image: url(https:\/\/www.construal.es\/wp-content\/uploads\/construal-slider-home-ventanas-puertas-pvc-01.jpg?id=12699) !important;background-position: center !important;background-repeat: no-repeat !important;background-size: cover !important;}&#8221; z_index=&#8221;&#8221;][vc_column][vc_row_inner row_type=&#8221;row&#8221; type=&#8221;grid&#8221; text_align=&#8221;left&#8221; css_animation=&#8221;&#8221; css=&#8221;.vc_custom_1757928522011{margin-top: 0px !important;margin-right: 0px !important;margin-bottom: 0px !important;margin-left: 0px !important;padding-top: 80px !important;padding-right: 0px !important;padding-bottom: 0px !important;padding-left: 0px !important;}&#8221;][vc_column_inner width=&#8221;1\/2&#8243; css=&#8221;.vc_custom_1757928533506{padding-top: 30px !important;padding-right: 30px !important;padding-bottom: 30px !important;padding-left: 30px !important;background-color: #C20E1AB3 !important;}&#8221;][vc_column_text css=&#8221;&#8221;]<\/p>\n<h2><span style=\"color: #ffffff;\"><strong><span style=\"font-size: 2.5rem; line-height: 1.4;\">Ventanas y Puertas de PVC<\/span><\/strong><\/span><\/h2>\n<p>&nbsp;<\/p>\n<p><span style=\"color: #ffffff;\"><strong>Construal tiene un compromiso inquebrantable: impulsar un mundo mejor para las futuras generaciones. Reconocemos nuestra responsabilidad empresarial en este prop\u00f3sito y la integramos en todo lo que hacemos.<\/strong><\/span><\/p>\n<p><span style=\"color: #ffffff;\">Por ello, nuestras soluciones van m\u00e1s all\u00e1 de mejorar la vida y el confort; las concebimos bajo procesos eficientes y sostenibles, donde la protecci\u00f3n del medio ambiente es una prioridad indiscutible en cada fase. Cada detalle importa en esta misi\u00f3n, y por eso implementamos continuas mejoras en nuestros procesos y creamos sistemas de alta calidad, m\u00e1s ligeros y eficientes, que aseguran sus prestaciones durante todo su ciclo de vida..<\/span>[\/vc_column_text][vc_empty_space]<a  itemprop=\"url\" href=\"https:\/\/www.construal.es\/contacto\/\" target=\"_self\" data-hover-background-color=\"#DD3333\" data-hover-border-color=\"#DD3333\" data-hover-color=\"#FFFFFF\" class=\"qbutton  default\" style=\"color: #000000; border-color: #FFFFFF; border-radius: 0px;-moz-border-radius: 0px;-webkit-border-radius: 0px; background-color:#FFFFFF;\">Solicita informaci\u00f3n<\/a>[\/vc_column_inner][vc_column_inner width=&#8221;1\/2&#8243;][\/vc_column_inner][\/vc_row_inner][\/vc_column][\/vc_row][vc_row css_animation=&#8221;&#8221; row_type=&#8221;row&#8221; use_row_as_full_screen_section=&#8221;no&#8221; type=&#8221;grid&#8221; angled_section=&#8221;no&#8221; text_align=&#8221;left&#8221; background_image_as_pattern=&#8221;without_pattern&#8221; z_index=&#8221;&#8221; css=&#8221;.vc_custom_1757933381040{background-color: #F4F4F4 !important;}&#8221;][vc_column][vc_empty_space height=&#8221;40px&#8221;][vc_row_inner row_type=&#8221;row&#8221; type=&#8221;grid&#8221; text_align=&#8221;center&#8221; css_animation=&#8221;&#8221;][vc_column_inner][vc_column_text css=&#8221;&#8221;]<\/p>\n<h2 style=\"text-align: center;\"><strong><span style=\"color: #cf003d; line-height: 1.4;\">Sistemas disponibles de ventanas y puertas de PVC<\/span><\/strong><\/h2>\n<p style=\"text-align: center; font-size: 17px; line-height: 1.4;\">Tenemos todas las posibilidades y buscamos la mejor soluci\u00f3n para cada caso.<\/p>\n<p>[\/vc_column_text][vc_separator type=&#8221;normal&#8221; color=&#8221;#EFEFEF&#8221;][\/vc_column_inner][\/vc_row_inner][vc_row_inner row_type=&#8221;row&#8221; type=&#8221;grid&#8221; text_align=&#8221;left&#8221; css_animation=&#8221;&#8221; el_class=&#8221;box-home-pvc&#8221;][vc_column_inner width=&#8221;1\/4&#8243;]<div class=\"image_with_text\"><img decoding=\"async\" itemprop=\"image\" src=\"https:\/\/www.construal.es\/wp-content\/uploads\/ico-construal76-triple-junta-1.jpg\" alt=\"Construal 76 Triple\" title=\"\"><h3  class=\"image_with_text_title\">Construal 76 Triple<\/h3><span style=\"margin: 6px 0px;\" class=\"separator transparent\"><\/span>Sistema Triple Junta.<br \/>\n<a href=\"https:\/\/www.construal.es\/ventanas-y-puertas-de-pvc-01\/construal-76-triple\/\">m\u00e1s informaci\u00f3n \u00bb<\/a><a itemprop=\"url\" class=\"image-with-text-link-overlay\" href=\"https:\/\/www.construal.es\/ventanas-y-puertas-de-pvc-01\/construal-76-triple\/\" target=\"_self\"><\/a><\/div>[vc_empty_space height=&#8221;45px&#8221;][\/vc_column_inner][vc_column_inner width=&#8221;1\/4&#8243;]<div class=\"image_with_text\"><img decoding=\"async\" itemprop=\"image\" src=\"https:\/\/www.construal.es\/wp-content\/uploads\/ico-construal76-triple-junta-aluclip-1.jpg\" alt=\"Construal 76 Triple AluClip\" title=\"\"><h3  class=\"image_with_text_title\">Construal 76 Triple AluClip<\/h3><span style=\"margin: 6px 0px;\" class=\"separator transparent\"><\/span>Sistema AluClip.<br \/>\n<a href=\"https:\/\/www.construal.es\/ventanas-y-puertas-de-pvc-01\/construal-76-triple-aluclip\/\">m\u00e1s informaci\u00f3n \u00bb<\/a><a itemprop=\"url\" class=\"image-with-text-link-overlay\" href=\"https:\/\/www.construal.es\/ventanas-y-puertas-de-pvc-01\/construal-76-triple-aluclip\/\" target=\"_self\"><\/a><\/div>[vc_empty_space height=&#8221;45px&#8221;][\/vc_column_inner][vc_column_inner width=&#8221;1\/4&#8243;]<div class=\"image_with_text\"><img decoding=\"async\" itemprop=\"image\" src=\"https:\/\/www.construal.es\/wp-content\/uploads\/ico-construal76-doble-junta.jpg\" alt=\"Construal 76 Doble\" title=\"\"><h3  class=\"image_with_text_title\">Construal 76 Doble<\/h3><span style=\"margin: 6px 0px;\" class=\"separator transparent\"><\/span>Sistema Doble Junta.<br \/>\n<a href=\"https:\/\/www.construal.es\/ventanas-y-puertas-de-pvc-01\/construal-76-doble\/\">m\u00e1s informaci\u00f3n \u00bb<\/a><a itemprop=\"url\" class=\"image-with-text-link-overlay\" href=\"https:\/\/www.construal.es\/ventanas-y-puertas-de-pvc-01\/construal-76-doble\/\" target=\"_self\"><\/a><\/div>[vc_empty_space height=&#8221;45px&#8221;][\/vc_column_inner][vc_column_inner width=&#8221;1\/4&#8243;]<div class=\"image_with_text\"><img decoding=\"async\" itemprop=\"image\" src=\"\" alt=\"Construal 76 Doble FolioTotal\" title=\"\"><h3  class=\"image_with_text_title\">Construal 76 Doble FolioTotal<\/h3><span style=\"margin: 6px 0px;\" class=\"separator transparent\"><\/span>Sistema Folio Total.<br \/>\n<a href=\"https:\/\/www.construal.es\/ventanas-y-puertas-de-pvc-01\/construal-76-doble-sistema-folio-total\/\">m\u00e1s informaci\u00f3n \u00bb<\/a><a itemprop=\"url\" class=\"image-with-text-link-overlay\" href=\"https:\/\/www.construal.es\/ventanas-y-puertas-de-pvc-01\/construal-76-doble-sistema-folio-total\/\" target=\"_self\"><\/a><\/div>[vc_empty_space height=&#8221;45px&#8221;][\/vc_column_inner][\/vc_row_inner][vc_row_inner row_type=&#8221;row&#8221; type=&#8221;grid&#8221; text_align=&#8221;left&#8221; css_animation=&#8221;&#8221; el_class=&#8221;box-home-pvc&#8221;][vc_column_inner width=&#8221;1\/4&#8243;]<div class=\"image_with_text\"><img decoding=\"async\" itemprop=\"image\" src=\"https:\/\/www.construal.es\/wp-content\/uploads\/ico-construal-alunext-76.jpg\" alt=\"AluNext 76\" title=\"\"><h3  class=\"image_with_text_title\">AluNext 76<\/h3><span style=\"margin: 6px 0px;\" class=\"separator transparent\"><\/span>PVC y Aluminio.<br \/>\n<a href=\"https:\/\/www.construal.es\/ventanas-y-puertas-de-pvc-01\/alunext-76\/\">m\u00e1s informaci\u00f3n \u00bb<\/a><a itemprop=\"url\" class=\"image-with-text-link-overlay\" href=\"https:\/\/www.construal.es\/ventanas-y-puertas-de-pvc-01\/alunext-76\/\" target=\"_self\"><\/a><\/div>[vc_empty_space height=&#8221;45px&#8221;][\/vc_column_inner][vc_column_inner width=&#8221;1\/4&#8243;]<div class=\"image_with_text\"><img decoding=\"async\" itemprop=\"image\" src=\"https:\/\/www.construal.es\/wp-content\/uploads\/ico-sistemas-pertas-entrada.jpg\" alt=\"Sistemas para Puertas de Entrada\" title=\"\"><h3  class=\"image_with_text_title\">Sistemas para Puertas de Entrada<\/h3><span style=\"margin: 6px 0px;\" class=\"separator transparent\"><\/span>Puertas Deslizantes.<br \/>\n<a href=\"https:\/\/www.construal.es\/ventanas-y-puertas-de-pvc-01\/sistemas-para-puertas-de-entrada\/\">m\u00e1s informaci\u00f3n \u00bb<\/a><a itemprop=\"url\" class=\"image-with-text-link-overlay\" href=\"https:\/\/www.construal.es\/ventanas-y-puertas-de-pvc-01\/sistemas-para-puertas-de-entrada\/\" target=\"_self\"><\/a><\/div>[vc_empty_space height=&#8221;45px&#8221;][\/vc_column_inner][vc_column_inner width=&#8221;1\/4&#8243;]<div class=\"image_with_text\"><img decoding=\"async\" itemprop=\"image\" src=\"https:\/\/www.construal.es\/wp-content\/uploads\/ico-construal-corredera-80.jpg\" alt=\"Corredera PremiLine 80\" title=\"\"><h3  class=\"image_with_text_title\">Corredera PremiLine 80<\/h3><span style=\"margin: 6px 0px;\" class=\"separator transparent\"><\/span>Sistema Corredera.<br \/>\n<a href=\"https:\/\/www.construal.es\/ventanas-y-puertas-de-pvc-01\/corredera-premiline-80\/\">m\u00e1s informaci\u00f3n \u00bb<\/a><a itemprop=\"url\" class=\"image-with-text-link-overlay\" href=\"https:\/\/www.construal.es\/ventanas-y-puertas-de-pvc-01\/corredera-premiline-80\/\" target=\"_self\"><\/a><\/div>[vc_empty_space height=&#8221;45px&#8221;][\/vc_column_inner][vc_column_inner width=&#8221;1\/4&#8243;]<div class=\"image_with_text\"><img decoding=\"async\" itemprop=\"image\" src=\"https:\/\/www.construal.es\/wp-content\/uploads\/ico-construal-premislide-76.jpg\" alt=\"PremiSlide 76\" title=\"\"><h3  class=\"image_with_text_title\">PremiSlide 76<\/h3><span style=\"margin: 6px 0px;\" class=\"separator transparent\"><\/span>Sistema Corredera Paralela.<br \/>\n<a href=\"https:\/\/www.construal.es\/ventanas-y-puertas-de-pvc-01\/premislide-76\/\">m\u00e1s informaci\u00f3n \u00bb<\/a><a itemprop=\"url\" class=\"image-with-text-link-overlay\" href=\"https:\/\/www.construal.es\/ventanas-y-puertas-de-pvc-01\/premislide-76\/\" target=\"_self\"><\/a><\/div>[vc_empty_space height=&#8221;45px&#8221;][\/vc_column_inner][\/vc_row_inner][vc_row_inner row_type=&#8221;row&#8221; type=&#8221;grid&#8221; text_align=&#8221;left&#8221; css_animation=&#8221;&#8221; el_class=&#8221;box-home-pvc&#8221;][vc_column_inner width=&#8221;1\/4&#8243;]<div class=\"image_with_text\"><img decoding=\"async\" itemprop=\"image\" src=\"https:\/\/www.construal.es\/wp-content\/uploads\/ico-construal-premidoor-76.jpg\" alt=\"PremiDoor 76\" title=\"\"><h3  class=\"image_with_text_title\">PremiDoor 76<\/h3><span style=\"margin: 6px 0px;\" class=\"separator transparent\"><\/span>Sistema Corredera Elevadora.<br \/>\n<a href=\"https:\/\/www.construal.es\/ventanas-y-puertas-de-pvc-01\/premidoor-76\/\">m\u00e1s informaci\u00f3n \u00bb<\/a><a itemprop=\"url\" class=\"image-with-text-link-overlay\" href=\"https:\/\/www.construal.es\/ventanas-y-puertas-de-pvc-01\/premidoor-76\/\" target=\"_self\"><\/a><\/div>[vc_empty_space height=&#8221;45px&#8221;][\/vc_column_inner][\/vc_row_inner][\/vc_column][\/vc_row][vc_row css_animation=&#8221;&#8221; row_type=&#8221;row&#8221; use_row_as_full_screen_section=&#8221;no&#8221; type=&#8221;grid&#8221; angled_section=&#8221;no&#8221; text_align=&#8221;left&#8221; background_image_as_pattern=&#8221;without_pattern&#8221; z_index=&#8221;&#8221;][vc_column][vc_row_inner row_type=&#8221;row&#8221; type=&#8221;grid&#8221; text_align=&#8221;left&#8221; css_animation=&#8221;&#8221;][vc_column_inner][vc_empty_space height=&#8221;60px&#8221;][vc_widget_sidebar sidebar_id=&#8221;Content Bottom&#8221;][\/vc_column_inner][\/vc_row_inner][\/vc_column][\/vc_row]<\/p>\n<\/div>","protected":false},"excerpt":{"rendered":"<p>[vc_row css_animation=&#8221;&#8221; row_type=&#8221;row&#8221; use_row_as_full_screen_section=&#8221;no&#8221; type=&#8221;full_width&#8221; angled_section=&#8221;no&#8221; text_align=&#8221;left&#8221; background_image_as_pattern=&#8221;without_pattern&#8221; css=&#8221;.vc_custom_1757933238799{background-color: #FFFFFF !important;}&#8221; z_index=&#8221;&#8221;][vc_column][vc_empty_space height=&#8221;60px&#8221;][vc_row_inner row_type=&#8221;row&#8221; type=&#8221;grid&#8221; text_align=&#8221;center&#8221; css_animation=&#8221;&#8221;][vc_column_inner][vc_basic_grid post_type=&#8221;page&#8221; max_items=&#8221;60&#8243; element_width=&#8221;2&#8243; gap=&#8221;35&#8243; orderby=&#8221;title&#8221; item=&#8221;11702&#8243; css=&#8221;&#8221; grid_id=&#8221;vc_gid:1758002477225-b861e0b4-15e2-10&#8243; taxonomies=&#8221;290&#8243; el_class=&#8221;grid-apertura&#8221;][\/vc_column_inner][\/vc_row_inner][vc_empty_space height=&#8221;40px&#8221;][\/vc_column][\/vc_row][vc_row css_animation=&#8221;&#8221; row_type=&#8221;row&#8221; use_row_as_full_screen_section=&#8221;no&#8221; type=&#8221;full_width&#8221; angled_section=&#8221;no&#8221; text_align=&#8221;left&#8221; background_image_as_pattern=&#8221;without_pattern&#8221; css=&#8221;.vc_custom_1757928688956{margin-top: 0px !important;margin-right: 0px !important;margin-bottom: 0px !important;margin-left: 0px !important;border-top-width: 0px&#8230;<\/p>\n","protected":false},"author":1,"featured_media":0,"parent":0,"menu_order":0,"comment_status":"closed","ping_status":"closed","template":"full_width.php","meta":{"footnotes":""},"categories":[],"tags":[],"class_list":["post-14189","page","type-page","status-publish","hentry"],"_links":{"self":[{"href":"https:\/\/www.construal.es\/eu\/wp-json\/wp\/v2\/pages\/14189","targetHints":{"allow":["GET"]}}],"collection":[{"href":"https:\/\/www.construal.es\/eu\/wp-json\/wp\/v2\/pages"}],"about":[{"href":"https:\/\/www.construal.es\/eu\/wp-json\/wp\/v2\/types\/page"}],"author":[{"embeddable":true,"href":"https:\/\/www.construal.es\/eu\/wp-json\/wp\/v2\/users\/1"}],"replies":[{"embeddable":true,"href":"https:\/\/www.construal.es\/eu\/wp-json\/wp\/v2\/comments?post=14189"}],"version-history":[{"count":0,"href":"https:\/\/www.construal.es\/eu\/wp-json\/wp\/v2\/pages\/14189\/revisions"}],"wp:attachment":[{"href":"https:\/\/www.construal.es\/eu\/wp-json\/wp\/v2\/media?parent=14189"}],"wp:term":[{"taxonomy":"category","embeddable":true,"href":"https:\/\/www.construal.es\/eu\/wp-json\/wp\/v2\/categories?post=14189"},{"taxonomy":"post_tag","embeddable":true,"href":"https:\/\/www.construal.es\/eu\/wp-json\/wp\/v2\/tags?post=14189"}],"curies":[{"name":"wp","href":"https:\/\/api.w.org\/{rel}","templated":true}]}}