{"id":14199,"date":"2025-02-19T21:26:42","date_gmt":"2025-02-19T19:26:42","guid":{"rendered":"https:\/\/www.construal.es\/formas-de-aperturas-para-ventanas-y-puertas\/apertura-abatible-con-eje-vertical-para-puerta-de-calle\/"},"modified":"2026-04-09T13:08:05","modified_gmt":"2026-04-09T11:08:05","slug":"kale-ateko-atearako-ardatz-bertikaleko-irekitze-praktikagarria","status":"publish","type":"page","link":"https:\/\/www.construal.es\/eu\/formas-de-aperturas-para-ventanas-y-puertas\/kale-ateko-atearako-ardatz-bertikaleko-irekitze-praktikagarria\/","title":{"rendered":"Kale\u2011ateko atearako ardatz bertikaleko irekitze praktikagarria"},"content":{"rendered":"<div class=\"wpb-content-wrapper\"><p>[vc_row css_animation=&#8221;&#8221; row_type=&#8221;row&#8221; use_row_as_full_screen_section=&#8221;no&#8221; type=&#8221;full_width&#8221; angled_section=&#8221;no&#8221; text_align=&#8221;left&#8221; background_image_as_pattern=&#8221;without_pattern&#8221;][vc_column][vc_empty_space height=&#8221;40px&#8221;][vc_row_inner row_type=&#8221;row&#8221; type=&#8221;grid&#8221; text_align=&#8221;left&#8221; css_animation=&#8221;&#8221;][vc_column_inner width=&#8221;1\/6&#8243;][vc_single_image image=&#8221;11058&#8243; img_size=&#8221;full&#8221; css=&#8221;&#8221; qode_css_animation=&#8221;&#8221;][\/vc_column_inner][vc_column_inner width=&#8221;5\/6&#8243;][vc_empty_space height=&#8221;15px&#8221;][vc_column_text css=&#8221;&#8221;]Las <strong>puertas de calle abatibles con eje vertical<\/strong> son una opci\u00f3n de <strong>alta resistencia<\/strong>, dise\u00f1adas para ofrecer <strong>seguridad<\/strong> y <strong>durabilidad<\/strong> en todo tipo de entornos.<\/p>\n<p>Este sistema permite una <strong>amplia variedad de posibilidades<\/strong>, ya que se puede <strong>personalizar<\/strong> seg\u00fan las necesidades espec\u00edficas de cada proyecto. La apertura puede ser tanto <strong>hacia el exterior<\/strong> como <strong>hacia el interior<\/strong>, lo que aporta flexibilidad y comodidad en su uso.<\/p>\n<p>Adem\u00e1s, la puerta puede adaptarse a diferentes estilos y requisitos, ofreciendo tanto soluciones modernas como tradicionales sin comprometer la funcionalidad.[\/vc_column_text][\/vc_column_inner][\/vc_row_inner][vc_empty_space height=&#8221;20px&#8221;][\/vc_column][\/vc_row][vc_row css_animation=&#8221;&#8221; row_type=&#8221;row&#8221; use_row_as_full_screen_section=&#8221;no&#8221; type=&#8221;full_width&#8221; angled_section=&#8221;no&#8221; text_align=&#8221;left&#8221; background_image_as_pattern=&#8221;without_pattern&#8221; css=&#8221;.vc_custom_1739885522905{background-color: #EFEFEF !important;}&#8221; z_index=&#8221;&#8221;][vc_column][vc_empty_space height=&#8221;60px&#8221;][vc_row_inner row_type=&#8221;row&#8221; type=&#8221;grid&#8221; text_align=&#8221;left&#8221; css_animation=&#8221;&#8221;][vc_column_inner width=&#8221;1\/2&#8243;][vc_single_image image=&#8221;11297&#8243; img_size=&#8221;full&#8221; css=&#8221;.vc_custom_1740061821593{border-top-width: 1px !important;border-right-width: 1px !important;border-bottom-width: 1px !important;border-left-width: 1px !important;padding-right: 50px !important;border-left-style: solid !important;border-right-style: solid !important;border-top-style: solid !important;border-bottom-style: solid !important;border-color: #EFEFEF !important;}&#8221; qode_css_animation=&#8221;&#8221;][vc_empty_space height=&#8221;20px&#8221;][\/vc_column_inner][vc_column_inner width=&#8221;1\/2&#8243;][vc_column_text css=&#8221;&#8221;]<\/p>\n<h2>Caracter\u00edsticas de la puerta de calle abatible con eje vertical<\/h2>\n<p>[vc_separator type=&#8217;normal&#8217; position=&#8217;left&#8217; color=&#8217;#cf003d&#8217; thickness=&#8221; up=&#8217;10&#8217; down=&#8217;25&#8217;][\/vc_column_text]<div class=\"q_list circle\">\n\t<\/p>\n<ul>\n<li>Gran aislamiento y hermeticidad gracias a su cierre de junta a presi\u00f3n, que garantiza una \u00f3ptima protecci\u00f3n contra las inclemencias del tiempo.<\/li>\n<li>Permite variaciones de apertura tanto hacia el interior como hacia el exterior, adapt\u00e1ndose a las necesidades espec\u00edficas de cada espacio.<\/li>\n<li>Opciones de dom\u00f3tica disponibles para integrar la puerta con sistemas inteligentes, mejorando la comodidad y el control en el hogar.<\/li>\n<li>Personalizaci\u00f3n completa, con una amplia gama de paneles, vidrios y tiradores, para ajustar el dise\u00f1o a cualquier estilo o requerimiento.F\u00e1cil mantenimiento y limpieza, lo que asegura una mayor durabilidad y facilidad de uso a lo largo del tiempo.<\/li>\n<\/ul>\n<p><\/div>[\/vc_column_inner][\/vc_row_inner][vc_empty_space height=&#8221;60px&#8221;][\/vc_column][\/vc_row][vc_row css_animation=&#8221;&#8221; row_type=&#8221;row&#8221; use_row_as_full_screen_section=&#8221;no&#8221; type=&#8221;grid&#8221; angled_section=&#8221;no&#8221; text_align=&#8221;center&#8221; background_image_as_pattern=&#8221;without_pattern&#8221; z_index=&#8221;&#8221;][vc_column][vc_empty_space height=&#8221;60px&#8221;][vc_row_inner row_type=&#8221;row&#8221; type=&#8221;grid&#8221; text_align=&#8221;left&#8221; css_animation=&#8221;&#8221;][vc_column_inner][vc_column_text css=&#8221;&#8221;]<\/p>\n<h3 style=\"text-align: center;\"><strong>Esquemas de apertura<\/strong><\/h3>\n<p style=\"text-align: center;\">Consulta los esquemas de apertura para este tipo de puertas. En caso de duda, te recomendamos consultarnos.<\/p>\n<p>[\/vc_column_text][vc_empty_space][\/vc_column_inner][\/vc_row_inner][vc_row_inner row_type=&#8221;row&#8221; type=&#8221;grid&#8221; text_align=&#8221;center&#8221; css_animation=&#8221;&#8221;][vc_column_inner width=&#8221;1\/4&#8243;][vc_single_image image=&#8221;11304&#8243; img_size=&#8221;full&#8221; alignment=&#8221;center&#8221; css=&#8221;&#8221; qode_css_animation=&#8221;&#8221;][vc_empty_space height=&#8221;20px&#8221;][vc_column_text css=&#8221;&#8221;]<\/p>\n<h4 style=\"text-align: center;\"><span style=\"color: #cf003d;\">Esquema A<\/span><\/h4>\n<p style=\"text-align: center;\">1 hoja practicable<\/p>\n<p>[\/vc_column_text][vc_empty_space height=&#8221;40px&#8221;][\/vc_column_inner][vc_column_inner width=&#8221;1\/4&#8243;][vc_single_image image=&#8221;11307&#8243; img_size=&#8221;full&#8221; alignment=&#8221;center&#8221; css=&#8221;&#8221; qode_css_animation=&#8221;&#8221;][vc_empty_space height=&#8221;20px&#8221;][vc_column_text css=&#8221;&#8221;]<\/p>\n<h4 style=\"text-align: center;\"><span style=\"color: #cf003d;\">Esquema B<\/span><\/h4>\n<p style=\"text-align: center;\">1 hoja practicable<\/p>\n<p>[\/vc_column_text][vc_empty_space height=&#8221;40px&#8221;][\/vc_column_inner][vc_column_inner width=&#8221;1\/4&#8243;][vc_single_image image=&#8221;11310&#8243; img_size=&#8221;full&#8221; alignment=&#8221;center&#8221; css=&#8221;&#8221; qode_css_animation=&#8221;&#8221;][vc_empty_space height=&#8221;20px&#8221;][vc_column_text css=&#8221;&#8221;]<\/p>\n<h4 style=\"text-align: center;\"><span style=\"color: #cf003d;\">Esquema C<\/span><\/h4>\n<p style=\"text-align: center;\">1 hoja practicable<\/p>\n<p>[\/vc_column_text][vc_empty_space height=&#8221;40px&#8221;][\/vc_column_inner][vc_column_inner width=&#8221;1\/4&#8243;][vc_single_image image=&#8221;11313&#8243; img_size=&#8221;full&#8221; alignment=&#8221;center&#8221; css=&#8221;&#8221; qode_css_animation=&#8221;&#8221;][vc_empty_space height=&#8221;20px&#8221;][vc_column_text css=&#8221;&#8221;]<\/p>\n<h4 style=\"text-align: center;\"><span style=\"color: #cf003d;\">Esquema D<\/span><\/h4>\n<p style=\"text-align: center;\">1 hoja practicable<\/p>\n<p>[\/vc_column_text][vc_empty_space height=&#8221;40px&#8221;][\/vc_column_inner][\/vc_row_inner][vc_row_inner row_type=&#8221;row&#8221; type=&#8221;grid&#8221; text_align=&#8221;left&#8221; css_animation=&#8221;&#8221;][vc_column_inner width=&#8221;1\/4&#8243;][vc_single_image image=&#8221;11301&#8243; img_size=&#8221;full&#8221; alignment=&#8221;center&#8221; css=&#8221;&#8221; qode_css_animation=&#8221;&#8221;][vc_empty_space height=&#8221;20px&#8221;][vc_column_text css=&#8221;&#8221;]<\/p>\n<h4 style=\"text-align: center;\"><span style=\"color: #cf003d;\">Esquema E<\/span><\/h4>\n<p style=\"text-align: center;\">2 hojas practicables exterior<\/p>\n<p>[\/vc_column_text][vc_empty_space height=&#8221;40px&#8221;][\/vc_column_inner][vc_column_inner width=&#8221;1\/4&#8243;][vc_single_image image=&#8221;11316&#8243; img_size=&#8221;full&#8221; alignment=&#8221;center&#8221; css=&#8221;&#8221; qode_css_animation=&#8221;&#8221;][vc_empty_space height=&#8221;20px&#8221;][vc_column_text css=&#8221;&#8221;]<\/p>\n<h4 style=\"text-align: center;\"><span style=\"color: #cf003d;\">Esquema F<\/span><\/h4>\n<p style=\"text-align: center;\">1 hoja practicable + fijo<\/p>\n<p>[\/vc_column_text][vc_empty_space height=&#8221;40px&#8221;][\/vc_column_inner][vc_column_inner width=&#8221;1\/4&#8243;][vc_single_image image=&#8221;11322&#8243; img_size=&#8221;full&#8221; alignment=&#8221;center&#8221; css=&#8221;&#8221; qode_css_animation=&#8221;&#8221;][vc_empty_space height=&#8221;20px&#8221;][vc_column_text css=&#8221;&#8221;]<\/p>\n<h4 style=\"text-align: center;\"><span style=\"color: #cf003d;\">Esquema G<\/span><\/h4>\n<p style=\"text-align: center;\">2 hojas practicables<\/p>\n<p>[\/vc_column_text][vc_empty_space height=&#8221;40px&#8221;][\/vc_column_inner][vc_column_inner width=&#8221;1\/4&#8243;][vc_single_image image=&#8221;11319&#8243; img_size=&#8221;full&#8221; alignment=&#8221;center&#8221; css=&#8221;&#8221; qode_css_animation=&#8221;&#8221;][vc_empty_space height=&#8221;20px&#8221;][vc_column_text css=&#8221;&#8221;]<\/p>\n<h4 style=\"text-align: center;\"><span style=\"color: #cf003d;\">Esquema H<\/span><\/h4>\n<p style=\"text-align: center;\">2 hojas practicables<\/p>\n<p>[\/vc_column_text][vc_empty_space height=&#8221;40px&#8221;][\/vc_column_inner][\/vc_row_inner][vc_empty_space height=&#8221;60px&#8221;][\/vc_column][\/vc_row][vc_row css_animation=&#8221;&#8221; row_type=&#8221;row&#8221; use_row_as_full_screen_section=&#8221;no&#8221; type=&#8221;full_width&#8221; angled_section=&#8221;no&#8221; text_align=&#8221;left&#8221; background_image_as_pattern=&#8221;without_pattern&#8221; css=&#8221;.vc_custom_1744104257425{background-color: #EFEFEF !important;}&#8221; z_index=&#8221;&#8221; background_color=&#8221;#EFEFEF&#8221;][vc_column][vc_empty_space height=&#8221;60px&#8221;][vc_row_inner row_type=&#8221;row&#8221; type=&#8221;grid&#8221; text_align=&#8221;left&#8221; css_animation=&#8221;&#8221;][vc_column_inner][vc_column_text css=&#8221;&#8221;]<\/p>\n<h2 style=\"text-align: center;\"><strong><span style=\"color: #cf003d;\">Otras formas de apertura<\/span><\/strong><\/h2>\n<p style=\"text-align: center;\">Otras opciones de apertura para satisfacer todas tus necesidades.<\/p>\n<p>[\/vc_column_text][vc_separator type=&#8221;normal&#8221; color=&#8221;#FFFFFF&#8221;][vc_empty_space][vc_basic_grid post_type=&#8221;page&#8221; max_items=&#8221;10&#8243; style=&#8221;lazy&#8221; element_width=&#8221;2&#8243; gap=&#8221;35&#8243; orderby=&#8221;title&#8221; item=&#8221;11702&#8243; css=&#8221;&#8221; grid_id=&#8221;vc_gid:1744104497767-94c91329-bdf4-6&#8243; taxonomies=&#8221;290&#8243;][\/vc_column_inner][\/vc_row_inner][vc_empty_space height=&#8221;60px&#8221;][\/vc_column][\/vc_row]<\/p>\n<\/div>","protected":false},"excerpt":{"rendered":"<p>[vc_row css_animation=&#8221;&#8221; row_type=&#8221;row&#8221; use_row_as_full_screen_section=&#8221;no&#8221; type=&#8221;full_width&#8221; angled_section=&#8221;no&#8221; text_align=&#8221;left&#8221; background_image_as_pattern=&#8221;without_pattern&#8221;][vc_column][vc_empty_space height=&#8221;40px&#8221;][vc_row_inner row_type=&#8221;row&#8221; type=&#8221;grid&#8221; text_align=&#8221;left&#8221; css_animation=&#8221;&#8221;][vc_column_inner width=&#8221;1\/6&#8243;][vc_single_image image=&#8221;11058&#8243; img_size=&#8221;full&#8221; css=&#8221;&#8221; qode_css_animation=&#8221;&#8221;][\/vc_column_inner][vc_column_inner width=&#8221;5\/6&#8243;][vc_empty_space height=&#8221;15px&#8221;][vc_column_text css=&#8221;&#8221;]Las puertas de calle abatibles con eje vertical son una opci\u00f3n de alta resistencia, dise\u00f1adas para ofrecer seguridad y durabilidad en todo tipo de entornos&#8230;.<\/p>\n","protected":false},"author":1,"featured_media":11058,"parent":14189,"menu_order":0,"comment_status":"closed","ping_status":"closed","template":"full_width.php","meta":{"footnotes":""},"categories":[315,308],"tags":[313],"class_list":["post-14199","page","type-page","status-publish","has-post-thumbnail","hentry","category-kale-eraisgarriaren-atea-irekitzea","category-irekitzeko-moduak","tag-aperturas-puertas"],"_links":{"self":[{"href":"https:\/\/www.construal.es\/eu\/wp-json\/wp\/v2\/pages\/14199","targetHints":{"allow":["GET"]}}],"collection":[{"href":"https:\/\/www.construal.es\/eu\/wp-json\/wp\/v2\/pages"}],"about":[{"href":"https:\/\/www.construal.es\/eu\/wp-json\/wp\/v2\/types\/page"}],"author":[{"embeddable":true,"href":"https:\/\/www.construal.es\/eu\/wp-json\/wp\/v2\/users\/1"}],"replies":[{"embeddable":true,"href":"https:\/\/www.construal.es\/eu\/wp-json\/wp\/v2\/comments?post=14199"}],"version-history":[{"count":0,"href":"https:\/\/www.construal.es\/eu\/wp-json\/wp\/v2\/pages\/14199\/revisions"}],"up":[{"embeddable":true,"href":"https:\/\/www.construal.es\/eu\/wp-json\/wp\/v2\/pages\/14189"}],"wp:featuredmedia":[{"embeddable":true,"href":"https:\/\/www.construal.es\/eu\/wp-json\/wp\/v2\/media\/11058"}],"wp:attachment":[{"href":"https:\/\/www.construal.es\/eu\/wp-json\/wp\/v2\/media?parent=14199"}],"wp:term":[{"taxonomy":"category","embeddable":true,"href":"https:\/\/www.construal.es\/eu\/wp-json\/wp\/v2\/categories?post=14199"},{"taxonomy":"post_tag","embeddable":true,"href":"https:\/\/www.construal.es\/eu\/wp-json\/wp\/v2\/tags?post=14199"}],"curies":[{"name":"wp","href":"https:\/\/api.w.org\/{rel}","templated":true}]}}