{"id":14205,"date":"2025-02-18T11:01:02","date_gmt":"2025-02-18T09:01:02","guid":{"rendered":"https:\/\/www.construal.es\/formas-de-aperturas-para-ventanas-y-puertas\/apertura-pivotante-para-ventanas\/"},"modified":"2026-04-09T13:02:05","modified_gmt":"2026-04-09T11:02:05","slug":"leihoetarako-irekitze-birakaria","status":"publish","type":"page","link":"https:\/\/www.construal.es\/eu\/formas-de-aperturas-para-ventanas-y-puertas\/leihoetarako-irekitze-birakaria\/","title":{"rendered":"Leihoetarako irekitze birakaria"},"content":{"rendered":"<div class=\"wpb-content-wrapper\"><p>[vc_row css_animation=&#8221;&#8221; row_type=&#8221;row&#8221; use_row_as_full_screen_section=&#8221;no&#8221; type=&#8221;full_width&#8221; angled_section=&#8221;no&#8221; text_align=&#8221;left&#8221; background_image_as_pattern=&#8221;without_pattern&#8221;][vc_column][vc_empty_space height=&#8221;40px&#8221;][vc_row_inner row_type=&#8221;row&#8221; type=&#8221;grid&#8221; text_align=&#8221;left&#8221; css_animation=&#8221;&#8221;][vc_column_inner width=&#8221;1\/6&#8243;][vc_single_image image=&#8221;10509&#8243; img_size=&#8221;full&#8221; css=&#8221;&#8221; qode_css_animation=&#8221;&#8221;][\/vc_column_inner][vc_column_inner width=&#8221;5\/6&#8243;][vc_column_text css=&#8221;&#8221;]Tambi\u00e9n conocida como <strong>ventana giratoria<\/strong>, este tipo de apertura se caracteriza por un sistema en el que la hoja de la ventana gira alrededor de un <strong>eje central<\/strong>, que generalmente es <strong>horizontal<\/strong>.<\/p>\n<p>Este mecanismo permite que la ventana se abra de manera fluida y eficiente, proporcionando una amplia apertura y una excelente circulaci\u00f3n de aire. Adem\u00e1s, su dise\u00f1o facilita la limpieza, ya que la hoja puede girar completamente, permitiendo el acceso a ambas caras del cristal.<\/p>\n<p>Es una opci\u00f3n ideal para espacios donde se necesita una ventilaci\u00f3n controlada o una est\u00e9tica diferente, ya que su funcionamiento no requiere de un espacio adicional hacia el exterior o el interior.[\/vc_column_text][\/vc_column_inner][\/vc_row_inner][vc_empty_space height=&#8221;40px&#8221;][\/vc_column][\/vc_row][vc_row css_animation=&#8221;&#8221; row_type=&#8221;row&#8221; use_row_as_full_screen_section=&#8221;no&#8221; type=&#8221;full_width&#8221; angled_section=&#8221;no&#8221; text_align=&#8221;left&#8221; background_image_as_pattern=&#8221;without_pattern&#8221; css=&#8221;.vc_custom_1739885522905{background-color: #EFEFEF !important;}&#8221; z_index=&#8221;&#8221;][vc_column][vc_empty_space height=&#8221;60px&#8221;][vc_row_inner row_type=&#8221;row&#8221; type=&#8221;grid&#8221; text_align=&#8221;left&#8221; css_animation=&#8221;&#8221;][vc_column_inner width=&#8221;1\/2&#8243;][vc_single_image image=&#8221;10722&#8243; img_size=&#8221;full&#8221; css=&#8221;.vc_custom_1739887760623{border-top-width: 1px !important;border-right-width: 1px !important;border-bottom-width: 1px !important;border-left-width: 1px !important;padding-right: 50px !important;border-left-style: solid !important;border-right-style: solid !important;border-top-style: solid !important;border-bottom-style: solid !important;border-color: #EFEFEF !important;}&#8221; qode_css_animation=&#8221;&#8221;][vc_empty_space height=&#8221;20px&#8221;][\/vc_column_inner][vc_column_inner width=&#8221;1\/2&#8243;][vc_column_text css=&#8221;&#8221;]<\/p>\n<h2>Caracter\u00edsticas de la <strong>Ventanas Pivotantes<\/strong><\/h2>\n<p>[vc_separator type=&#8217;normal&#8217; position=&#8217;left&#8217; color=&#8217;#cf003d&#8217; thickness=&#8221; up=&#8217;10&#8217; down=&#8217;25&#8217;][\/vc_column_text]<div class=\"q_list circle\">\n\t<\/p>\n<ul>\n<li>Gran aislamiento y hermeticidad gracias al cierre de junta a presi\u00f3n.<\/li>\n<li>Permite\u00a0regular la\u00a0ventilaci\u00f3n.<\/li>\n<li>Permite opciones de automatizaci\u00f3n.<\/li>\n<li>Aportan un\u00a0campo de visi\u00f3n muy amplio\u00a0sin\u00a0requerir de una gran invasi\u00f3n del espacio interior.<\/li>\n<li>Dise\u00f1os elegantes y cuidados con la \u00faltima tecnolog\u00eda para garantizar su durabilidad.<\/li>\n<li>Esta apertura es apta para los sistemas: Construal76 Doble Junta, Construal76 Triple Junta, Construal Aluclip 76 .<\/li>\n<\/ul>\n<p><\/div>[\/vc_column_inner][\/vc_row_inner][vc_empty_space height=&#8221;60px&#8221;][\/vc_column][\/vc_row][vc_row css_animation=&#8221;&#8221; row_type=&#8221;row&#8221; use_row_as_full_screen_section=&#8221;no&#8221; type=&#8221;grid&#8221; angled_section=&#8221;no&#8221; text_align=&#8221;center&#8221; background_image_as_pattern=&#8221;without_pattern&#8221; z_index=&#8221;&#8221;][vc_column][vc_empty_space height=&#8221;60px&#8221;][vc_row_inner row_type=&#8221;row&#8221; type=&#8221;grid&#8221; text_align=&#8221;left&#8221; css_animation=&#8221;&#8221;][vc_column_inner][vc_column_text css=&#8221;&#8221;]<\/p>\n<h3 style=\"text-align: center;\"><strong>Esquemas de apertura<\/strong><\/h3>\n<p style=\"text-align: center;\">Consulta los esquemas de apertura para este tipo de ventana practicable. Las opciones disponibles dependen del herraje. En caso de duda, te recomendamos consultarnos.<\/p>\n<p>[\/vc_column_text][vc_empty_space][\/vc_column_inner][\/vc_row_inner][vc_row_inner row_type=&#8221;row&#8221; type=&#8221;grid&#8221; text_align=&#8221;left&#8221; css_animation=&#8221;&#8221;][vc_column_inner width=&#8221;1\/4&#8243;][\/vc_column_inner][vc_column_inner width=&#8221;1\/4&#8243;][vc_column_text css=&#8221;&#8221;]<img loading=\"lazy\" decoding=\"async\" class=\"aligncenter wp-image-10725\" src=\"https:\/\/www.construal.es\/wp-content\/uploads\/esquemas_de_apertura-108_2.jpg\" alt=\"\" width=\"124\" height=\"104\" title=\"\"><\/p>\n<p>&nbsp;<\/p>\n<h4 style=\"text-align: center;\"><span style=\"color: #cf003d;\">Esquema A<\/span><\/h4>\n<p style=\"text-align: center;\">1 hoja apertura inferior<\/p>\n<p>[\/vc_column_text][vc_empty_space height=&#8221;40px&#8221;][\/vc_column_inner][vc_column_inner width=&#8221;1\/4&#8243;][vc_column_text css=&#8221;&#8221;]<img loading=\"lazy\" decoding=\"async\" class=\"aligncenter wp-image-10728\" src=\"https:\/\/www.construal.es\/wp-content\/uploads\/esquemas_de_apertura-109_2.jpg\" alt=\"\" width=\"124\" height=\"104\" title=\"\"><\/p>\n<p>&nbsp;<\/p>\n<h4 style=\"text-align: center;\"><span style=\"color: #cf003d;\">Esquema B<\/span><\/h4>\n<p style=\"text-align: center;\">1 hoja apertura superior<\/p>\n<p>[\/vc_column_text][vc_empty_space height=&#8221;40px&#8221;][\/vc_column_inner][vc_column_inner width=&#8221;1\/4&#8243;][\/vc_column_inner][\/vc_row_inner][vc_empty_space height=&#8221;60px&#8221;][\/vc_column][\/vc_row][vc_row css_animation=&#8221;&#8221; row_type=&#8221;row&#8221; use_row_as_full_screen_section=&#8221;no&#8221; type=&#8221;full_width&#8221; angled_section=&#8221;no&#8221; text_align=&#8221;left&#8221; background_image_as_pattern=&#8221;without_pattern&#8221; css=&#8221;.vc_custom_1739885684900{background-color: #EFEFEF !important;}&#8221; z_index=&#8221;&#8221;][vc_column][vc_empty_space height=&#8221;60px&#8221;][vc_row_inner row_type=&#8221;row&#8221; type=&#8221;grid&#8221; text_align=&#8221;center&#8221; css_animation=&#8221;&#8221;][vc_column_inner][vc_column_text css=&#8221;&#8221;]<\/p>\n<h2 style=\"text-align: center;\"><strong><span style=\"color: #cf003d;\">Otras formas de apertura<\/span><\/strong><\/h2>\n<p style=\"text-align: center;\">Otras opciones de apertura para satisfacer todas tus necesidades.<\/p>\n<p>[\/vc_column_text][vc_separator type=&#8221;normal&#8221; color=&#8221;#FFFFFF&#8221;][vc_empty_space][vc_basic_grid post_type=&#8221;page&#8221; max_items=&#8221;60&#8243; style=&#8221;lazy&#8221; items_per_page=&#8221;50&#8243; element_width=&#8221;2&#8243; gap=&#8221;35&#8243; orderby=&#8221;title&#8221; item=&#8221;11702&#8243; css=&#8221;&#8221; grid_id=&#8221;vc_gid:1744102561316-833587b0-e660-0&#8243; taxonomies=&#8221;290&#8243;][\/vc_column_inner][\/vc_row_inner][vc_empty_space height=&#8221;60px&#8221;][\/vc_column][\/vc_row]<\/p>\n<\/div>","protected":false},"excerpt":{"rendered":"<p>[vc_row css_animation=&#8221;&#8221; row_type=&#8221;row&#8221; use_row_as_full_screen_section=&#8221;no&#8221; type=&#8221;full_width&#8221; angled_section=&#8221;no&#8221; text_align=&#8221;left&#8221; background_image_as_pattern=&#8221;without_pattern&#8221;][vc_column][vc_empty_space height=&#8221;40px&#8221;][vc_row_inner row_type=&#8221;row&#8221; type=&#8221;grid&#8221; text_align=&#8221;left&#8221; css_animation=&#8221;&#8221;][vc_column_inner width=&#8221;1\/6&#8243;][vc_single_image image=&#8221;10509&#8243; img_size=&#8221;full&#8221; css=&#8221;&#8221; qode_css_animation=&#8221;&#8221;][\/vc_column_inner][vc_column_inner width=&#8221;5\/6&#8243;][vc_column_text css=&#8221;&#8221;]Tambi\u00e9n conocida como ventana giratoria, este tipo de apertura se caracteriza por un sistema en el que la hoja de la ventana gira alrededor de un&#8230;<\/p>\n","protected":false},"author":1,"featured_media":10509,"parent":14189,"menu_order":0,"comment_status":"closed","ping_status":"closed","template":"full_width.php","meta":{"footnotes":""},"categories":[307,308],"tags":[309],"class_list":["post-14205","page","type-page","status-publish","has-post-thumbnail","hentry","category-leiho-eraisgarriak-irekitzea","category-irekitzeko-moduak","tag-apertura-ventanas"],"_links":{"self":[{"href":"https:\/\/www.construal.es\/eu\/wp-json\/wp\/v2\/pages\/14205","targetHints":{"allow":["GET"]}}],"collection":[{"href":"https:\/\/www.construal.es\/eu\/wp-json\/wp\/v2\/pages"}],"about":[{"href":"https:\/\/www.construal.es\/eu\/wp-json\/wp\/v2\/types\/page"}],"author":[{"embeddable":true,"href":"https:\/\/www.construal.es\/eu\/wp-json\/wp\/v2\/users\/1"}],"replies":[{"embeddable":true,"href":"https:\/\/www.construal.es\/eu\/wp-json\/wp\/v2\/comments?post=14205"}],"version-history":[{"count":0,"href":"https:\/\/www.construal.es\/eu\/wp-json\/wp\/v2\/pages\/14205\/revisions"}],"up":[{"embeddable":true,"href":"https:\/\/www.construal.es\/eu\/wp-json\/wp\/v2\/pages\/14189"}],"wp:featuredmedia":[{"embeddable":true,"href":"https:\/\/www.construal.es\/eu\/wp-json\/wp\/v2\/media\/10509"}],"wp:attachment":[{"href":"https:\/\/www.construal.es\/eu\/wp-json\/wp\/v2\/media?parent=14205"}],"wp:term":[{"taxonomy":"category","embeddable":true,"href":"https:\/\/www.construal.es\/eu\/wp-json\/wp\/v2\/categories?post=14205"},{"taxonomy":"post_tag","embeddable":true,"href":"https:\/\/www.construal.es\/eu\/wp-json\/wp\/v2\/tags?post=14205"}],"curies":[{"name":"wp","href":"https:\/\/api.w.org\/{rel}","templated":true}]}}