{"id":14225,"date":"2025-02-18T10:59:37","date_gmt":"2025-02-18T08:59:37","guid":{"rendered":"https:\/\/www.construal.es\/formas-de-aperturas-para-ventanas-y-puertas\/apertura-corredera-slide-para-ventanas\/"},"modified":"2026-04-09T13:05:58","modified_gmt":"2026-04-09T11:05:58","slug":"leihoetarako-slide-irekitze-lerrakorra","status":"publish","type":"page","link":"https:\/\/www.construal.es\/eu\/formas-de-aperturas-para-ventanas-y-puertas\/leihoetarako-slide-irekitze-lerrakorra\/","title":{"rendered":"Leihoetarako slide irekitze lerrakorra"},"content":{"rendered":"<div class=\"wpb-content-wrapper\"><p>[vc_row css_animation=&#8221;&#8221; row_type=&#8221;row&#8221; use_row_as_full_screen_section=&#8221;no&#8221; type=&#8221;full_width&#8221; angled_section=&#8221;no&#8221; text_align=&#8221;left&#8221; background_image_as_pattern=&#8221;without_pattern&#8221;][vc_column][vc_empty_space height=&#8221;40px&#8221;][vc_row_inner row_type=&#8221;row&#8221; type=&#8221;grid&#8221; text_align=&#8221;left&#8221; css_animation=&#8221;&#8221;][vc_column_inner width=&#8221;1\/6&#8243;][vc_single_image image=&#8221;10749&#8243; img_size=&#8221;full&#8221; css=&#8221;&#8221; qode_css_animation=&#8221;&#8221;][vc_empty_space height=&#8221;15px&#8221;][\/vc_column_inner][vc_column_inner width=&#8221;5\/6&#8243;][vc_column_text css=&#8221;&#8221;]Novedosa apertura con un <strong>suave deslizamiento<\/strong> que combina las <strong>formas de apertura paralela y corredera<\/strong>, adapt\u00e1ndose a las diversas necesidades de espacio.<\/p>\n<p>Este innovador sistema permite abrir y cerrar la ventana de manera fluida y silenciosa, con un movimiento horizontal que no requiere de un amplio espacio para su funcionamiento.<\/p>\n<p>Su dise\u00f1o es ideal para lugares con limitaci\u00f3n de espacio, como en apartamentos o \u00e1reas con acceso restringido.<\/p>\n<p>Adem\u00e1s, la posibilidad de combinar <strong>ambos tipos de apertura mejora la ventilaci\u00f3n y acceso a la luz natural<\/strong>, optimizando el confort sin sacrificar funcionalidad o est\u00e9tica.[\/vc_column_text][\/vc_column_inner][\/vc_row_inner][vc_empty_space height=&#8221;40px&#8221;][\/vc_column][\/vc_row][vc_row css_animation=&#8221;&#8221; row_type=&#8221;row&#8221; use_row_as_full_screen_section=&#8221;no&#8221; type=&#8221;full_width&#8221; angled_section=&#8221;no&#8221; text_align=&#8221;left&#8221; background_image_as_pattern=&#8221;without_pattern&#8221; css=&#8221;.vc_custom_1739885522905{background-color: #EFEFEF !important;}&#8221; z_index=&#8221;&#8221;][vc_column][vc_empty_space height=&#8221;60px&#8221;][vc_row_inner row_type=&#8221;row&#8221; type=&#8221;grid&#8221; text_align=&#8221;left&#8221; css_animation=&#8221;&#8221;][vc_column_inner width=&#8221;1\/2&#8243;][vc_single_image image=&#8221;10756&#8243; img_size=&#8221;full&#8221; css=&#8221;.vc_custom_1739889494288{border-top-width: 1px !important;border-right-width: 1px !important;border-bottom-width: 1px !important;border-left-width: 1px !important;padding-right: 50px !important;border-left-style: solid !important;border-right-style: solid !important;border-top-style: solid !important;border-bottom-style: solid !important;border-color: #EFEFEF !important;}&#8221; qode_css_animation=&#8221;&#8221;][vc_empty_space height=&#8221;20px&#8221;][\/vc_column_inner][vc_column_inner width=&#8221;1\/2&#8243;][vc_column_text css=&#8221;&#8221;]<\/p>\n<h2>Caracter\u00edsticas de la V<strong>entana Corredera Slide<\/strong><\/h2>\n<p>[vc_separator type=&#8217;normal&#8217; position=&#8217;left&#8217; color=&#8217;#cf003d&#8217; thickness=&#8221; up=&#8217;10&#8217; down=&#8217;25&#8217;][\/vc_column_text]<div class=\"q_list circle\">\n\t<\/p>\n<ul>\n<li>Combinaci\u00f3n de corredera y paralela con la que se consiguen las ventajas de ambas formas.<\/li>\n<li>Optimizaci\u00f3n del espacio sin renunciar a unas buenas prestaciones.<\/li>\n<li>F\u00e1cil mantenimiento.<\/li>\n<li>Seguridad gracias a su forma de apertura horizontal que evita\u00a0los cantos hacia el interior.<\/li>\n<li>Dise\u00f1os elegantes y cuidados con la \u00faltima tecnolog\u00eda para garantizar su durabilidad.<\/li>\n<li>Esta apertura es apta para el sistema: PremiSlide76<\/li>\n<\/ul>\n<p><\/div>[\/vc_column_inner][\/vc_row_inner][vc_empty_space height=&#8221;60px&#8221;][\/vc_column][\/vc_row][vc_row css_animation=&#8221;&#8221; row_type=&#8221;row&#8221; use_row_as_full_screen_section=&#8221;no&#8221; type=&#8221;full_width&#8221; angled_section=&#8221;no&#8221; text_align=&#8221;center&#8221; background_image_as_pattern=&#8221;without_pattern&#8221; z_index=&#8221;&#8221;][vc_column width=&#8221;1\/6&#8243;][\/vc_column][vc_column width=&#8221;2\/3&#8243;][vc_empty_space height=&#8221;60px&#8221;][vc_row_inner row_type=&#8221;row&#8221; type=&#8221;grid&#8221; text_align=&#8221;left&#8221; css_animation=&#8221;&#8221;][vc_column_inner][vc_column_text css=&#8221;&#8221;]<\/p>\n<h3 style=\"text-align: center;\"><strong>Esquemas de apertura<\/strong><\/h3>\n<p style=\"text-align: center;\">Consulta los esquemas de apertura para este tipo de ventana practicable. Las opciones disponibles dependen del herraje. En caso de duda, te recomendamos consultarnos.<\/p>\n<p>[\/vc_column_text][vc_empty_space][\/vc_column_inner][\/vc_row_inner][vc_row_inner row_type=&#8221;row&#8221; type=&#8221;grid&#8221; text_align=&#8221;left&#8221; css_animation=&#8221;&#8221;][vc_column_inner width=&#8221;1\/4&#8243;][\/vc_column_inner][vc_column_inner width=&#8221;1\/4&#8243;][vc_column_text css=&#8221;&#8221;]<img loading=\"lazy\" decoding=\"async\" class=\"aligncenter wp-image-10759\" src=\"https:\/\/www.construal.es\/wp-content\/uploads\/esquemas_de_apertura-110_0.jpg\" alt=\"\" width=\"167\" height=\"104\" title=\"\"><\/p>\n<p>&nbsp;<\/p>\n<h4 style=\"text-align: center;\"><span style=\"color: #cf003d;\">Esquema A<\/span><\/h4>\n<p style=\"text-align: center;\">Ventana 2 hojas<\/p>\n<p>[\/vc_column_text][vc_empty_space height=&#8221;40px&#8221;][\/vc_column_inner][vc_column_inner width=&#8221;1\/4&#8243;][vc_column_text css=&#8221;&#8221;]<img loading=\"lazy\" decoding=\"async\" class=\"aligncenter wp-image-10762\" src=\"https:\/\/www.construal.es\/wp-content\/uploads\/esquemas_de_apertura-111_0.jpg\" alt=\"\" width=\"166\" height=\"104\" title=\"\"><\/p>\n<p>&nbsp;<\/p>\n<h4 style=\"text-align: center;\"><span style=\"color: #cf003d;\">Esquema B<\/span><\/h4>\n<p style=\"text-align: center;\">Ventana 2 hojas<\/p>\n<p>[\/vc_column_text][\/vc_column_inner][vc_column_inner width=&#8221;1\/4&#8243;][\/vc_column_inner][\/vc_row_inner][vc_empty_space height=&#8221;60px&#8221;][\/vc_column][vc_column width=&#8221;1\/6&#8243;][\/vc_column][\/vc_row][vc_row css_animation=&#8221;&#8221; row_type=&#8221;row&#8221; use_row_as_full_screen_section=&#8221;no&#8221; type=&#8221;full_width&#8221; angled_section=&#8221;no&#8221; text_align=&#8221;left&#8221; background_image_as_pattern=&#8221;without_pattern&#8221; css=&#8221;.vc_custom_1739885684900{background-color: #EFEFEF !important;}&#8221; z_index=&#8221;&#8221;][vc_column][vc_empty_space height=&#8221;60px&#8221;][vc_row_inner row_type=&#8221;row&#8221; type=&#8221;grid&#8221; text_align=&#8221;center&#8221; css_animation=&#8221;&#8221;][vc_column_inner][vc_column_text css=&#8221;&#8221;]<\/p>\n<h2 style=\"text-align: center;\"><strong><span style=\"color: #cf003d;\">Otras formas de apertura<\/span><\/strong><\/h2>\n<p style=\"text-align: center;\">Otras opciones de apertura para satisfacer todas tus necesidades.<\/p>\n<p>[\/vc_column_text][vc_separator type=&#8221;normal&#8221; color=&#8221;#FFFFFF&#8221;][vc_empty_space][vc_basic_grid post_type=&#8221;page&#8221; max_items=&#8221;60&#8243; style=&#8221;lazy&#8221; items_per_page=&#8221;60&#8243; element_width=&#8221;2&#8243; gap=&#8221;35&#8243; orderby=&#8221;title&#8221; item=&#8221;11702&#8243; css=&#8221;&#8221; grid_id=&#8221;vc_gid:1744103474523-597172ac-0c83-8&#8243; taxonomies=&#8221;290&#8243;][\/vc_column_inner][\/vc_row_inner][vc_empty_space height=&#8221;60px&#8221;][\/vc_column][\/vc_row]<\/p>\n<\/div>","protected":false},"excerpt":{"rendered":"<p>[vc_row css_animation=&#8221;&#8221; row_type=&#8221;row&#8221; use_row_as_full_screen_section=&#8221;no&#8221; type=&#8221;full_width&#8221; angled_section=&#8221;no&#8221; text_align=&#8221;left&#8221; background_image_as_pattern=&#8221;without_pattern&#8221;][vc_column][vc_empty_space height=&#8221;40px&#8221;][vc_row_inner row_type=&#8221;row&#8221; type=&#8221;grid&#8221; text_align=&#8221;left&#8221; css_animation=&#8221;&#8221;][vc_column_inner width=&#8221;1\/6&#8243;][vc_single_image image=&#8221;10749&#8243; img_size=&#8221;full&#8221; css=&#8221;&#8221; qode_css_animation=&#8221;&#8221;][vc_empty_space height=&#8221;15px&#8221;][\/vc_column_inner][vc_column_inner width=&#8221;5\/6&#8243;][vc_column_text css=&#8221;&#8221;]Novedosa apertura con un suave deslizamiento que combina las formas de apertura paralela y corredera, adapt\u00e1ndose a las diversas necesidades de espacio. Este innovador sistema&#8230;<\/p>\n","protected":false},"author":1,"featured_media":10813,"parent":14189,"menu_order":0,"comment_status":"closed","ping_status":"closed","template":"full_width.php","meta":{"footnotes":""},"categories":[321,308],"tags":[309],"class_list":["post-14225","page","type-page","status-publish","has-post-thumbnail","hentry","category-irekiera-lerragarria","category-irekitzeko-moduak","tag-apertura-ventanas"],"_links":{"self":[{"href":"https:\/\/www.construal.es\/eu\/wp-json\/wp\/v2\/pages\/14225","targetHints":{"allow":["GET"]}}],"collection":[{"href":"https:\/\/www.construal.es\/eu\/wp-json\/wp\/v2\/pages"}],"about":[{"href":"https:\/\/www.construal.es\/eu\/wp-json\/wp\/v2\/types\/page"}],"author":[{"embeddable":true,"href":"https:\/\/www.construal.es\/eu\/wp-json\/wp\/v2\/users\/1"}],"replies":[{"embeddable":true,"href":"https:\/\/www.construal.es\/eu\/wp-json\/wp\/v2\/comments?post=14225"}],"version-history":[{"count":0,"href":"https:\/\/www.construal.es\/eu\/wp-json\/wp\/v2\/pages\/14225\/revisions"}],"up":[{"embeddable":true,"href":"https:\/\/www.construal.es\/eu\/wp-json\/wp\/v2\/pages\/14189"}],"wp:featuredmedia":[{"embeddable":true,"href":"https:\/\/www.construal.es\/eu\/wp-json\/wp\/v2\/media\/10813"}],"wp:attachment":[{"href":"https:\/\/www.construal.es\/eu\/wp-json\/wp\/v2\/media?parent=14225"}],"wp:term":[{"taxonomy":"category","embeddable":true,"href":"https:\/\/www.construal.es\/eu\/wp-json\/wp\/v2\/categories?post=14225"},{"taxonomy":"post_tag","embeddable":true,"href":"https:\/\/www.construal.es\/eu\/wp-json\/wp\/v2\/tags?post=14225"}],"curies":[{"name":"wp","href":"https:\/\/api.w.org\/{rel}","templated":true}]}}