{"id":14233,"date":"2025-02-18T11:10:43","date_gmt":"2025-02-18T09:10:43","guid":{"rendered":"https:\/\/www.construal.es\/formas-de-aperturas-para-ventanas-y-puertas\/apertura-oscilobatientes-para-ventanas-y-puerta-balconera\/"},"modified":"2026-04-09T13:04:03","modified_gmt":"2026-04-09T11:04:03","slug":"leiho-eta-balkoi-ateetarako-irekitze-oszilobatienteak","status":"publish","type":"page","link":"https:\/\/www.construal.es\/eu\/formas-de-aperturas-para-ventanas-y-puertas\/leiho-eta-balkoi-ateetarako-irekitze-oszilobatienteak\/","title":{"rendered":"Leiho eta balkoi\u2011ateetarako irekitze oszilobatienteak"},"content":{"rendered":"<div class=\"wpb-content-wrapper\"><p>[vc_row css_animation=&#8221;&#8221; row_type=&#8221;row&#8221; use_row_as_full_screen_section=&#8221;no&#8221; type=&#8221;full_width&#8221; angled_section=&#8221;no&#8221; text_align=&#8221;left&#8221; background_image_as_pattern=&#8221;without_pattern&#8221;][vc_column][vc_empty_space height=&#8221;40px&#8221;][vc_row_inner row_type=&#8221;row&#8221; type=&#8221;grid&#8221; text_align=&#8221;left&#8221; css_animation=&#8221;&#8221;][vc_column_inner width=&#8221;1\/6&#8243;][vc_single_image image=&#8221;10506&#8243; img_size=&#8221;full&#8221; css=&#8221;&#8221; qode_css_animation=&#8221;&#8221;][vc_empty_space][\/vc_column_inner][vc_column_inner width=&#8221;5\/6&#8243;][vc_column_text css=&#8221;&#8221;]El <strong>sistema oscilobatiente<\/strong> combina dos funcionalidades en una sola puerta o ventana, proporcionando <strong>gran flexibilidad en la apertura<\/strong>.<\/p>\n<p>&nbsp;<\/p>\n<p>Por un lado, la <strong>apertura abatible<\/strong> permite que la hoja se abra completamente hacia el interior, girando sobre un <strong>eje vertical<\/strong>, lo que facilita tanto la <strong>ventilaci\u00f3n total<\/strong> como la <strong>limpieza del cristal<\/strong> desde el interior. Por otro lado, la <strong>apertura oscilante<\/strong> permite que la hoja se incline ligeramente hacia el interior desde la parte superior, pivotando sobre un <strong>eje horizontal<\/strong>. Esta posici\u00f3n es ideal para <strong>ventilaci\u00f3n controlada<\/strong>, evitando corrientes de aire directas y aumentando la <strong>seguridad<\/strong>, ya que la ventana queda entreabierta sin posibilidad de acceso desde el exterior.<\/p>\n<p>&nbsp;<\/p>\n<p>Este sistema es ideal para quienes necesitan una opci\u00f3n que permita ventilar el espacio de forma controlada o acceder al exterior sin ocupar demasiado espacio. Su dise\u00f1o optimiza el <strong>aislamiento t\u00e9rmico y ac\u00fastico<\/strong>, contribuyendo al <strong>ahorro energ\u00e9tico<\/strong> y mejorando la <strong>seguridad<\/strong>. Es una excelente opci\u00f3n para <strong>espacios peque\u00f1os<\/strong> o con restricciones de apertura, siendo perfecta tanto <strong>para ventanas como para puertas.<\/strong>[\/vc_column_text][\/vc_column_inner][\/vc_row_inner][vc_empty_space height=&#8221;40px&#8221;][\/vc_column][\/vc_row][vc_row css_animation=&#8221;&#8221; row_type=&#8221;row&#8221; use_row_as_full_screen_section=&#8221;no&#8221; type=&#8221;full_width&#8221; angled_section=&#8221;no&#8221; text_align=&#8221;left&#8221; background_image_as_pattern=&#8221;without_pattern&#8221; css=&#8221;.vc_custom_1739885522905{background-color: #EFEFEF !important;}&#8221; z_index=&#8221;&#8221;][vc_column][vc_empty_space height=&#8221;60px&#8221;][vc_row_inner row_type=&#8221;row&#8221; type=&#8221;grid&#8221; text_align=&#8221;left&#8221; css_animation=&#8221;&#8221;][vc_column_inner width=&#8221;1\/2&#8243;][vc_single_image image=&#8221;10578&#8243; img_size=&#8221;full&#8221; css=&#8221;.vc_custom_1739870783994{border-top-width: 1px !important;border-right-width: 1px !important;border-bottom-width: 1px !important;border-left-width: 1px !important;padding-right: 50px !important;border-left-style: solid !important;border-right-style: solid !important;border-top-style: solid !important;border-bottom-style: solid !important;border-color: #EFEFEF !important;}&#8221; qode_css_animation=&#8221;&#8221;][vc_empty_space height=&#8221;20px&#8221;][\/vc_column_inner][vc_column_inner width=&#8221;1\/2&#8243;][vc_column_text css=&#8221;&#8221;]<\/p>\n<h2>Caracter\u00edsticas de la <strong>apertura Oscilobatiente<\/strong> para <strong>Ventanas<\/strong><\/h2>\n<p>[vc_separator type=&#8217;normal&#8217; position=&#8217;left&#8217; color=&#8217;#cf003d&#8217; thickness=&#8221; up=&#8217;10&#8217; down=&#8217;25&#8217;][\/vc_column_text]<div class=\"q_list circle\">\n\t<\/p>\n<ul>\n<li>Gran aislamiento y hermeticidad gracias al cierre de junta a presi\u00f3n.<\/li>\n<li>Presentan distintas variaciones de apertura hacia interior y exterior.<\/li>\n<li>La apertura batiente permite una mejor ventilaci\u00f3n.<\/li>\n<li>Permite opciones de automatizaci\u00f3n.<\/li>\n<li>Disponibles en todos los sistemas tanto para puertas como ventanas.<\/li>\n<li>Esta apertura es apta para los sistemas: Construal76 Doble Junta, Construal76 Triple Junta, Construal Aluclip 76 .<\/li>\n<\/ul>\n<p><\/div>[\/vc_column_inner][\/vc_row_inner][vc_empty_space height=&#8221;80px&#8221;][vc_row_inner row_type=&#8221;row&#8221; type=&#8221;grid&#8221; text_align=&#8221;left&#8221; css_animation=&#8221;&#8221;][vc_column_inner][vc_column_text css=&#8221;&#8221;]<\/p>\n<h3 style=\"text-align: center;\"><strong>Esquemas de apertura<\/strong><\/h3>\n<p style=\"text-align: center;\">Consulta los esquemas de apertura para este tipo de ventana practicable.<br \/>\nLas opciones disponibles dependen del herraje. En caso de duda, te recomendamos consultarnos.<\/p>\n<p>[\/vc_column_text][vc_separator type=&#8221;normal&#8221; color=&#8221;#FFFFFF&#8221;][vc_empty_space height=&#8221;40px&#8221;][\/vc_column_inner][\/vc_row_inner][vc_row_inner row_type=&#8221;row&#8221; type=&#8221;grid&#8221; text_align=&#8221;left&#8221; css_animation=&#8221;&#8221;][vc_column_inner width=&#8221;1\/4&#8243;][vc_column_text css=&#8221;&#8221;]<img loading=\"lazy\" decoding=\"async\" class=\"aligncenter wp-image-10599\" src=\"https:\/\/www.construal.es\/wp-content\/uploads\/esquemas_de_apertura-100_0.jpg\" alt=\"apertura Esquema A\" width=\"64\" height=\"104\" title=\"\"><\/p>\n<p>&nbsp;<\/p>\n<h4 style=\"text-align: center;\"><span style=\"color: #cf003d;\">Esquema A<\/span><\/h4>\n<p style=\"text-align: center;\">1 hoja oscilo-batiente (practicable-abatible)<\/p>\n<p>[\/vc_column_text][vc_empty_space height=&#8221;40px&#8221;][\/vc_column_inner][vc_column_inner width=&#8221;1\/4&#8243;][vc_column_text css=&#8221;&#8221;]<img loading=\"lazy\" decoding=\"async\" class=\"wp-image-10617 aligncenter\" src=\"https:\/\/www.construal.es\/wp-content\/uploads\/esquemas_de_apertura-99.jpg\" alt=\"apertura Esquema B\" width=\"63\" height=\"104\" title=\"\"><\/p>\n<p>&nbsp;<\/p>\n<h4 style=\"text-align: center;\"><span style=\"color: #cf003d;\">Esquema B<\/span><\/h4>\n<p style=\"text-align: center;\">1 hoja oscilo-batiente (practicable-abatible)<\/p>\n<p>[\/vc_column_text][vc_empty_space height=&#8221;40px&#8221;][\/vc_column_inner][vc_column_inner width=&#8221;1\/4&#8243;][vc_column_text css=&#8221;&#8221;]<img loading=\"lazy\" decoding=\"async\" class=\"wp-image-10602 aligncenter\" src=\"https:\/\/www.construal.es\/wp-content\/uploads\/2hojasconinversiora.jpg\" alt=\"apertura Esquema C\" width=\"150\" height=\"104\" title=\"\"><\/p>\n<p>&nbsp;<\/p>\n<h4 style=\"text-align: center;\"><span style=\"color: #cf003d;\">Esquema C<\/span><\/h4>\n<p style=\"text-align: center;\">2 hojas con inversora: hoja practicable + hoja oscilo-batiente<\/p>\n<p>[\/vc_column_text][vc_empty_space height=&#8221;40px&#8221;][\/vc_column_inner][vc_column_inner width=&#8221;1\/4&#8243;][vc_column_text css=&#8221;&#8221;]<img loading=\"lazy\" decoding=\"async\" class=\"aligncenter wp-image-10608\" src=\"https:\/\/www.construal.es\/wp-content\/uploads\/esquemas_de_apertura-94_0.jpg\" alt=\"apertura Esquema D\" width=\"125\" height=\"104\" title=\"\"><\/p>\n<p>&nbsp;<\/p>\n<h4 style=\"text-align: center;\"><span style=\"color: #cf003d;\">Esquema D<\/span><\/h4>\n<p style=\"text-align: center;\">2 hojas oscilo-batientes con poste intermedio<\/p>\n<p>[\/vc_column_text][vc_empty_space height=&#8221;40px&#8221;][\/vc_column_inner][\/vc_row_inner][vc_row_inner row_type=&#8221;row&#8221; type=&#8221;grid&#8221; text_align=&#8221;left&#8221; css_animation=&#8221;&#8221;][vc_column_inner width=&#8221;1\/4&#8243;][vc_column_text css=&#8221;&#8221;]<img loading=\"lazy\" decoding=\"async\" class=\"aligncenter wp-image-10611\" src=\"https:\/\/www.construal.es\/wp-content\/uploads\/esquemas_de_apertura-95_0.jpg\" alt=\"apertura Esquema E\" width=\"124\" height=\"104\" title=\"\"><\/p>\n<p>&nbsp;<\/p>\n<h4 style=\"text-align: center;\"><span style=\"color: #cf003d;\">Esquema E<\/span><\/h4>\n<p style=\"text-align: center;\">2 hojas oscilo-batientes con poste intermedio<\/p>\n<p>[\/vc_column_text][vc_empty_space height=&#8221;40px&#8221;][\/vc_column_inner][vc_column_inner width=&#8221;1\/4&#8243;][vc_column_text css=&#8221;&#8221;]<img loading=\"lazy\" decoding=\"async\" class=\"aligncenter wp-image-10614\" src=\"https:\/\/www.construal.es\/wp-content\/uploads\/esquemas_de_apertura-96_0.jpg\" alt=\"apertura Esquema F\" width=\"125\" height=\"104\" title=\"\"><\/p>\n<p>&nbsp;<\/p>\n<h4 style=\"text-align: center;\"><span style=\"color: #cf003d;\">Esquema F<\/span><\/h4>\n<p style=\"text-align: center;\">2 hojas oscilo-batientes con poste intermedio<\/p>\n<p>[\/vc_column_text][vc_empty_space height=&#8221;40px&#8221;][\/vc_column_inner][vc_column_inner width=&#8221;1\/4&#8243;][vc_column_text css=&#8221;&#8221;]<img loading=\"lazy\" decoding=\"async\" class=\"aligncenter wp-image-10605\" src=\"https:\/\/www.construal.es\/wp-content\/uploads\/esquemas_de_apertura-62_0.jpg\" alt=\"apertura Esquema G\" width=\"103\" height=\"104\" title=\"\"><\/p>\n<p>&nbsp;<\/p>\n<h4 style=\"text-align: center;\"><span style=\"color: #cf003d;\">Esquema G<\/span><\/h4>\n<p style=\"text-align: center;\">Hoja oscilo-batiente + fijo. Permite combinaciones con otras aperturas<\/p>\n<p>[\/vc_column_text][\/vc_column_inner][vc_column_inner width=&#8221;1\/4&#8243;][\/vc_column_inner][\/vc_row_inner][vc_empty_space height=&#8221;60px&#8221;][\/vc_column][\/vc_row][vc_row css_animation=&#8221;&#8221; row_type=&#8221;row&#8221; use_row_as_full_screen_section=&#8221;no&#8221; type=&#8221;full_width&#8221; angled_section=&#8221;no&#8221; text_align=&#8221;center&#8221; background_image_as_pattern=&#8221;without_pattern&#8221; z_index=&#8221;&#8221;][vc_column][vc_empty_space height=&#8221;60px&#8221;][vc_row_inner row_type=&#8221;row&#8221; type=&#8221;grid&#8221; text_align=&#8221;left&#8221; css_animation=&#8221;&#8221;][vc_column_inner width=&#8221;1\/2&#8243;][vc_single_image image=&#8221;11256&#8243; img_size=&#8221;full&#8221; css=&#8221;.vc_custom_1740060432396{border-top-width: 1px !important;border-right-width: 1px !important;border-bottom-width: 1px !important;border-left-width: 1px !important;padding-right: 50px !important;border-left-style: solid !important;border-right-style: solid !important;border-top-style: solid !important;border-bottom-style: solid !important;border-color: #EFEFEF !important;}&#8221; qode_css_animation=&#8221;&#8221;][vc_empty_space height=&#8221;20px&#8221;][\/vc_column_inner][vc_column_inner width=&#8221;1\/2&#8243;][vc_column_text css=&#8221;&#8221;]<\/p>\n<h2>Caracter\u00edsticas de la apertura <strong>Oscilobatiente <\/strong>para <strong>puerta balconera<\/strong><\/h2>\n<p>[vc_separator type=&#8217;normal&#8217; position=&#8217;left&#8217; color=&#8217;#cf003d&#8217; thickness=&#8221; up=&#8217;10&#8217; down=&#8217;25&#8217;][\/vc_column_text]<div class=\"q_list circle\">\n\t<\/p>\n<ul>\n<li>Excelente aislamiento y hermeticidad gracias a su cierre con junta a presi\u00f3n.<\/li>\n<li>Varias opciones de apertura hacia el interior o exterior, adapt\u00e1ndose a diferentes necesidades.<\/li>\n<li>Posibilidad de incorporar automatizaci\u00f3n y dom\u00f3tica para mayor comodidad.<\/li>\n<li>Herrajes personalizables e incorporaci\u00f3n de refuerzos de alta inercia, lo que mejora la seguridad de la vivienda.<\/li>\n<\/ul>\n<p><\/div>[\/vc_column_inner][\/vc_row_inner][vc_empty_space height=&#8221;80px&#8221;][vc_row_inner row_type=&#8221;row&#8221; type=&#8221;grid&#8221; text_align=&#8221;left&#8221; css_animation=&#8221;&#8221;][vc_column_inner][vc_column_text css=&#8221;&#8221;]<\/p>\n<h3 style=\"text-align: center;\"><strong>Esquemas de apertura<\/strong><\/h3>\n<p style=\"text-align: center;\">Consulta los esquemas de apertura para este tipo de puertas. En caso de duda, te recomendamos consultarnos.<\/p>\n<p>[\/vc_column_text][vc_separator type=&#8221;normal&#8221; color=&#8221;#EFEFEF&#8221;][vc_empty_space][\/vc_column_inner][\/vc_row_inner][vc_row_inner row_type=&#8221;row&#8221; type=&#8221;grid&#8221; text_align=&#8221;center&#8221; css_animation=&#8221;&#8221;][vc_column_inner width=&#8221;1\/4&#8243;][vc_single_image image=&#8221;11279&#8243; img_size=&#8221;full&#8221; alignment=&#8221;center&#8221; css=&#8221;&#8221; qode_css_animation=&#8221;&#8221;][vc_empty_space height=&#8221;20px&#8221;][vc_column_text css=&#8221;&#8221;]<\/p>\n<h4 style=\"text-align: center;\"><span style=\"color: #cf003d;\">Esquema A<\/span><\/h4>\n<p style=\"text-align: center;\">1 hoja oscilo-batiente (practicable-abatible)<\/p>\n<p>[\/vc_column_text][vc_empty_space height=&#8221;40px&#8221;][\/vc_column_inner][vc_column_inner width=&#8221;1\/4&#8243;][vc_single_image image=&#8221;11273&#8243; img_size=&#8221;full&#8221; alignment=&#8221;center&#8221; css=&#8221;&#8221; qode_css_animation=&#8221;&#8221;][vc_empty_space height=&#8221;20px&#8221;][vc_column_text css=&#8221;&#8221;]<\/p>\n<h4 style=\"text-align: center;\"><span style=\"color: #cf003d;\">Esquema B<\/span><\/h4>\n<p style=\"text-align: center;\">1 hoja oscilo-batiente (practicable-abatible)<\/p>\n<p>[\/vc_column_text][vc_empty_space height=&#8221;40px&#8221;][\/vc_column_inner][vc_column_inner width=&#8221;1\/4&#8243;][vc_single_image image=&#8221;11264&#8243; img_size=&#8221;full&#8221; alignment=&#8221;center&#8221; css=&#8221;&#8221; qode_css_animation=&#8221;&#8221;][vc_empty_space height=&#8221;20px&#8221;][vc_column_text css=&#8221;&#8221;]<\/p>\n<h4 style=\"text-align: center;\"><span style=\"color: #cf003d;\">Esquema C<\/span><\/h4>\n<p style=\"text-align: center;\">2 hojas oscilo-batientes con poste intermedio<\/p>\n<p>[\/vc_column_text][vc_empty_space height=&#8221;40px&#8221;][\/vc_column_inner][vc_column_inner width=&#8221;1\/4&#8243;][vc_single_image image=&#8221;11267&#8243; img_size=&#8221;full&#8221; alignment=&#8221;center&#8221; css=&#8221;&#8221; qode_css_animation=&#8221;&#8221;][vc_empty_space height=&#8221;20px&#8221;][vc_column_text css=&#8221;&#8221;]<\/p>\n<h4 style=\"text-align: center;\"><span style=\"color: #cf003d;\">Esquema D<\/span><\/h4>\n<p style=\"text-align: center;\">2 hojas: hoja practicable + hoja oscilo-batiente<\/p>\n<p>[\/vc_column_text][vc_empty_space height=&#8221;40px&#8221;][\/vc_column_inner][\/vc_row_inner][vc_row_inner row_type=&#8221;row&#8221; type=&#8221;grid&#8221; text_align=&#8221;left&#8221; css_animation=&#8221;&#8221;][vc_column_inner width=&#8221;1\/4&#8243;][vc_single_image image=&#8221;11270&#8243; img_size=&#8221;full&#8221; alignment=&#8221;center&#8221; css=&#8221;&#8221; qode_css_animation=&#8221;&#8221;][vc_empty_space height=&#8221;20px&#8221;][vc_column_text css=&#8221;&#8221;]<\/p>\n<h4 style=\"text-align: center;\"><span style=\"color: #cf003d;\">Esquema E<\/span><\/h4>\n<p style=\"text-align: center;\">2 hojas oscilo-batientes<\/p>\n<p>[\/vc_column_text][vc_empty_space height=&#8221;40px&#8221;][\/vc_column_inner][vc_column_inner width=&#8221;1\/4&#8243;][vc_single_image image=&#8221;11282&#8243; img_size=&#8221;full&#8221; alignment=&#8221;center&#8221; css=&#8221;&#8221; qode_css_animation=&#8221;&#8221;][vc_empty_space height=&#8221;20px&#8221;][vc_column_text css=&#8221;&#8221;]<\/p>\n<h4 style=\"text-align: center;\"><span style=\"color: #cf003d;\">Esquema F<\/span><\/h4>\n<p style=\"text-align: center;\">2 hojas oscilo-batientes<\/p>\n<p>[\/vc_column_text][vc_empty_space height=&#8221;40px&#8221;][\/vc_column_inner][vc_column_inner width=&#8221;1\/4&#8243;][vc_single_image image=&#8221;11261&#8243; img_size=&#8221;full&#8221; alignment=&#8221;center&#8221; css=&#8221;&#8221; qode_css_animation=&#8221;&#8221;][vc_empty_space height=&#8221;20px&#8221;][vc_column_text css=&#8221;&#8221;]<\/p>\n<h4 style=\"text-align: center;\"><span style=\"color: #cf003d;\">Esquema G<\/span><\/h4>\n<p style=\"text-align: center;\">2 hojas oscilo-batientes<\/p>\n<p>[\/vc_column_text][vc_empty_space height=&#8221;40px&#8221;][\/vc_column_inner][vc_column_inner width=&#8221;1\/4&#8243;][vc_single_image image=&#8221;11285&#8243; img_size=&#8221;full&#8221; alignment=&#8221;center&#8221; css=&#8221;&#8221; qode_css_animation=&#8221;&#8221;][vc_empty_space height=&#8221;20px&#8221;][vc_column_text css=&#8221;&#8221;]<\/p>\n<h4 style=\"text-align: center;\"><span style=\"color: #cf003d;\">Esquema H<\/span><\/h4>\n<p style=\"text-align: center;\">Hoja oscilo-batiente + fijo.<br \/>\nPermite combinaciones con otras aperturas.<\/p>\n<p>[\/vc_column_text][\/vc_column_inner][\/vc_row_inner][vc_empty_space height=&#8221;60px&#8221;][\/vc_column][\/vc_row][vc_row css_animation=&#8221;&#8221; row_type=&#8221;row&#8221; use_row_as_full_screen_section=&#8221;no&#8221; type=&#8221;full_width&#8221; angled_section=&#8221;no&#8221; text_align=&#8221;left&#8221; background_image_as_pattern=&#8221;without_pattern&#8221; css=&#8221;.vc_custom_1739885684900{background-color: #EFEFEF !important;}&#8221; z_index=&#8221;&#8221;][vc_column][vc_empty_space height=&#8221;60px&#8221;][vc_row_inner row_type=&#8221;row&#8221; type=&#8221;grid&#8221; text_align=&#8221;center&#8221; css_animation=&#8221;&#8221;][vc_column_inner][vc_column_text css=&#8221;&#8221;]<\/p>\n<h2 style=\"text-align: center;\"><strong><span style=\"color: #cf003d;\">Otras formas de apertura<\/span><\/strong><\/h2>\n<p style=\"text-align: center;\">Otras opciones de apertura para satisfacer todas tus necesidades.<\/p>\n<p>[\/vc_column_text][vc_separator type=&#8221;normal&#8221; color=&#8221;#FFFFFF&#8221;][vc_empty_space][vc_basic_grid post_type=&#8221;page&#8221; max_items=&#8221;60&#8243; style=&#8221;lazy&#8221; items_per_page=&#8221;60&#8243; element_width=&#8221;2&#8243; gap=&#8221;35&#8243; orderby=&#8221;title&#8221; item=&#8221;11702&#8243; css=&#8221;&#8221; grid_id=&#8221;vc_gid:1744103203105-313a910d-8036-10&#8243; taxonomies=&#8221;290&#8243;][\/vc_column_inner][\/vc_row_inner][vc_empty_space height=&#8221;60px&#8221;][\/vc_column][\/vc_row]<\/p>\n<\/div>","protected":false},"excerpt":{"rendered":"<p>[vc_row css_animation=&#8221;&#8221; row_type=&#8221;row&#8221; use_row_as_full_screen_section=&#8221;no&#8221; type=&#8221;full_width&#8221; angled_section=&#8221;no&#8221; text_align=&#8221;left&#8221; background_image_as_pattern=&#8221;without_pattern&#8221;][vc_column][vc_empty_space height=&#8221;40px&#8221;][vc_row_inner row_type=&#8221;row&#8221; type=&#8221;grid&#8221; text_align=&#8221;left&#8221; css_animation=&#8221;&#8221;][vc_column_inner width=&#8221;1\/6&#8243;][vc_single_image image=&#8221;10506&#8243; img_size=&#8221;full&#8221; css=&#8221;&#8221; qode_css_animation=&#8221;&#8221;][vc_empty_space][\/vc_column_inner][vc_column_inner width=&#8221;5\/6&#8243;][vc_column_text css=&#8221;&#8221;]El sistema oscilobatiente combina dos funcionalidades en una sola puerta o ventana, proporcionando gran flexibilidad en la apertura. &nbsp; Por un lado, la apertura abatible permite&#8230;<\/p>\n","protected":false},"author":1,"featured_media":10506,"parent":14189,"menu_order":0,"comment_status":"closed","ping_status":"closed","template":"full_width.php","meta":{"footnotes":""},"categories":[308,307],"tags":[309],"class_list":["post-14233","page","type-page","status-publish","has-post-thumbnail","hentry","category-irekitzeko-moduak","category-leiho-eraisgarriak-irekitzea","tag-apertura-ventanas"],"_links":{"self":[{"href":"https:\/\/www.construal.es\/eu\/wp-json\/wp\/v2\/pages\/14233","targetHints":{"allow":["GET"]}}],"collection":[{"href":"https:\/\/www.construal.es\/eu\/wp-json\/wp\/v2\/pages"}],"about":[{"href":"https:\/\/www.construal.es\/eu\/wp-json\/wp\/v2\/types\/page"}],"author":[{"embeddable":true,"href":"https:\/\/www.construal.es\/eu\/wp-json\/wp\/v2\/users\/1"}],"replies":[{"embeddable":true,"href":"https:\/\/www.construal.es\/eu\/wp-json\/wp\/v2\/comments?post=14233"}],"version-history":[{"count":0,"href":"https:\/\/www.construal.es\/eu\/wp-json\/wp\/v2\/pages\/14233\/revisions"}],"up":[{"embeddable":true,"href":"https:\/\/www.construal.es\/eu\/wp-json\/wp\/v2\/pages\/14189"}],"wp:featuredmedia":[{"embeddable":true,"href":"https:\/\/www.construal.es\/eu\/wp-json\/wp\/v2\/media\/10506"}],"wp:attachment":[{"href":"https:\/\/www.construal.es\/eu\/wp-json\/wp\/v2\/media?parent=14233"}],"wp:term":[{"taxonomy":"category","embeddable":true,"href":"https:\/\/www.construal.es\/eu\/wp-json\/wp\/v2\/categories?post=14233"},{"taxonomy":"post_tag","embeddable":true,"href":"https:\/\/www.construal.es\/eu\/wp-json\/wp\/v2\/tags?post=14233"}],"curies":[{"name":"wp","href":"https:\/\/api.w.org\/{rel}","templated":true}]}}