{"id":14237,"date":"2025-02-19T21:53:33","date_gmt":"2025-02-19T19:53:33","guid":{"rendered":"https:\/\/www.construal.es\/formas-de-aperturas-para-ventanas-y-puertas\/apertura-plegables-para-puertas\/"},"modified":"2026-04-08T16:59:57","modified_gmt":"2026-04-08T14:59:57","slug":"apertura-plegables-para-puertas","status":"publish","type":"page","link":"https:\/\/www.construal.es\/eu\/formas-de-aperturas-para-ventanas-y-puertas\/apertura-plegables-para-puertas\/","title":{"rendered":"Apertura Plegables para puertas"},"content":{"rendered":"<div class=\"wpb-content-wrapper\"><p>[vc_row css_animation=&#8221;&#8221; row_type=&#8221;row&#8221; use_row_as_full_screen_section=&#8221;no&#8221; type=&#8221;full_width&#8221; angled_section=&#8221;no&#8221; text_align=&#8221;left&#8221; background_image_as_pattern=&#8221;without_pattern&#8221;][vc_column][vc_empty_space height=&#8221;40px&#8221;][vc_row_inner row_type=&#8221;row&#8221; type=&#8221;grid&#8221; text_align=&#8221;left&#8221; css_animation=&#8221;&#8221;][vc_column_inner width=&#8221;1\/6&#8243;][\/vc_column_inner][vc_column_inner width=&#8221;2\/3&#8243;][vc_column_text css=&#8221;&#8221;]<img loading=\"lazy\" decoding=\"async\" class=\"alignleft wp-image-11100 size-full\" src=\"https:\/\/www.construal.es\/wp-content\/uploads\/puertas-plegables.png\" alt=\"Puertas plegables\" width=\"158\" height=\"145\" title=\"\"><\/p>\n<p>&nbsp;<\/p>\n<p>Este sistema <strong>aperturas para puertas plegables<\/strong> permite liberar completamente el espacio deseado, ya que la puerta se pliega en forma de acorde\u00f3n, aprovechando al m\u00e1ximo la superficie disponible.[\/vc_column_text][\/vc_column_inner][vc_column_inner width=&#8221;1\/6&#8243;][\/vc_column_inner][\/vc_row_inner][vc_empty_space height=&#8221;20px&#8221;][\/vc_column][\/vc_row][vc_row css_animation=&#8221;&#8221; row_type=&#8221;row&#8221; use_row_as_full_screen_section=&#8221;no&#8221; type=&#8221;full_width&#8221; angled_section=&#8221;no&#8221; text_align=&#8221;left&#8221; background_image_as_pattern=&#8221;without_pattern&#8221; css=&#8221;.vc_custom_1739885522905{background-color: #EFEFEF !important;}&#8221; z_index=&#8221;&#8221;][vc_column][vc_empty_space height=&#8221;60px&#8221;][vc_row_inner row_type=&#8221;row&#8221; type=&#8221;grid&#8221; text_align=&#8221;left&#8221; css_animation=&#8221;&#8221;][vc_column_inner width=&#8221;1\/2&#8243;][vc_single_image image=&#8221;11110&#8243; img_size=&#8221;full&#8221; css=&#8221;.vc_custom_1739995204489{border-top-width: 1px !important;border-right-width: 1px !important;border-bottom-width: 1px !important;border-left-width: 1px !important;padding-right: 50px !important;border-left-style: solid !important;border-right-style: solid !important;border-top-style: solid !important;border-bottom-style: solid !important;border-color: #EFEFEF !important;}&#8221; qode_css_animation=&#8221;&#8221;][vc_empty_space height=&#8221;20px&#8221;][\/vc_column_inner][vc_column_inner width=&#8221;1\/2&#8243;][vc_column_text css=&#8221;&#8221;]<\/p>\n<h2>Caracter\u00edsticas de las apertura Puertas Plegables de PVC<\/h2>\n<p>[vc_separator type=&#8217;normal&#8217; position=&#8217;left&#8217; color=&#8217;#cf003d&#8217; thickness=&#8221; up=&#8217;10&#8217; down=&#8217;25&#8217;][\/vc_column_text]<div class=\"q_list circle\">\n\t<\/p>\n<ul>\n<li>Con las puertas plegables se permite optimizar toda la superficie que se desee gracias a que se pliega en forma de acorde\u00f3n.<\/li>\n<li>Se fabrica con los sistemas practicables de K\u00d6MMERLING por lo que alcanza excelentes niveles de aislamiento y hermeticidad. Adem\u00e1s, existe la opci\u00f3n de incorporar soluciones adaptadas para el paso de personas con movilidad reducida.<\/li>\n<li>Este tipo de puerta tiene un mecanismo de hojas m\u00f3viles que les permite plegarse sobre s\u00ed mismos<\/li>\n<\/ul>\n<p><\/div>[\/vc_column_inner][\/vc_row_inner][vc_empty_space height=&#8221;60px&#8221;][\/vc_column][\/vc_row][vc_row css_animation=&#8221;&#8221; row_type=&#8221;row&#8221; use_row_as_full_screen_section=&#8221;no&#8221; type=&#8221;grid&#8221; angled_section=&#8221;no&#8221; text_align=&#8221;center&#8221; background_image_as_pattern=&#8221;without_pattern&#8221; z_index=&#8221;&#8221;][vc_column][vc_empty_space height=&#8221;60px&#8221;][vc_row_inner row_type=&#8221;row&#8221; type=&#8221;grid&#8221; text_align=&#8221;left&#8221; css_animation=&#8221;&#8221;][vc_column_inner][vc_column_text css=&#8221;&#8221;]<\/p>\n<h3 style=\"text-align: center;\"><strong>Esquemas de apertura<\/strong><\/h3>\n<p style=\"text-align: center;\">Consulta los esquemas de apertura para este tipo de puertas. En caso de duda, te recomendamos consultarnos.<\/p>\n<p>[\/vc_column_text][vc_empty_space][\/vc_column_inner][\/vc_row_inner][vc_row_inner row_type=&#8221;row&#8221; type=&#8221;grid&#8221; text_align=&#8221;center&#8221; css_animation=&#8221;&#8221;][vc_column_inner width=&#8221;1\/4&#8243;][vc_single_image image=&#8221;11116&#8243; img_size=&#8221;full&#8221; alignment=&#8221;center&#8221; css=&#8221;&#8221; qode_css_animation=&#8221;&#8221;][vc_empty_space height=&#8221;20px&#8221;][vc_column_text css=&#8221;&#8221;]<\/p>\n<h4 style=\"text-align: center;\"><span style=\"color: #cf003d;\">Esquema A<\/span><\/h4>\n<p style=\"text-align: center;\">2 bastidores plegables<br \/>\n1 bastidor de paso<\/p>\n<p>[\/vc_column_text][vc_empty_space height=&#8221;40px&#8221;][\/vc_column_inner][vc_column_inner width=&#8221;1\/4&#8243;][vc_single_image image=&#8221;11126&#8243; img_size=&#8221;full&#8221; alignment=&#8221;center&#8221; css=&#8221;&#8221; qode_css_animation=&#8221;&#8221;][vc_empty_space height=&#8221;20px&#8221;][vc_column_text css=&#8221;&#8221;]<\/p>\n<h4 style=\"text-align: center;\"><span style=\"color: #cf003d;\">Esquema B<\/span><\/h4>\n<p style=\"text-align: center;\">2 bastidores plegables<br \/>\n1 bastidor de paso<\/p>\n<p>[\/vc_column_text][vc_empty_space height=&#8221;40px&#8221;][\/vc_column_inner][vc_column_inner width=&#8221;1\/4&#8243;][vc_single_image image=&#8221;11129&#8243; img_size=&#8221;full&#8221; alignment=&#8221;center&#8221; css=&#8221;&#8221; qode_css_animation=&#8221;&#8221;][vc_empty_space height=&#8221;20px&#8221;][vc_column_text css=&#8221;&#8221;]<\/p>\n<h4 style=\"text-align: center;\"><span style=\"color: #cf003d;\">Esquema C<\/span><\/h4>\n<p style=\"text-align: center;\">3 bastidores plegables<br \/>\n1 bastidor de paso<\/p>\n<p>[\/vc_column_text][vc_empty_space height=&#8221;40px&#8221;][\/vc_column_inner][vc_column_inner width=&#8221;1\/4&#8243;][vc_single_image image=&#8221;11132&#8243; img_size=&#8221;full&#8221; alignment=&#8221;center&#8221; css=&#8221;&#8221; qode_css_animation=&#8221;&#8221;][vc_empty_space height=&#8221;20px&#8221;][vc_column_text css=&#8221;&#8221;]<\/p>\n<h4 style=\"text-align: center;\"><span style=\"color: #cf003d;\">Esquema D<\/span><\/h4>\n<p style=\"text-align: center;\">2 bastidores plegables \/ 1 de paso<br \/>\n2 bastidores de pa<\/p>\n<p>[\/vc_column_text][vc_empty_space height=&#8221;40px&#8221;][\/vc_column_inner][\/vc_row_inner][vc_row_inner row_type=&#8221;row&#8221; type=&#8221;grid&#8221; text_align=&#8221;left&#8221; css_animation=&#8221;&#8221;][vc_column_inner width=&#8221;1\/4&#8243;][vc_single_image image=&#8221;11135&#8243; img_size=&#8221;full&#8221; alignment=&#8221;center&#8221; css=&#8221;&#8221; qode_css_animation=&#8221;&#8221;][vc_empty_space height=&#8221;20px&#8221;][vc_column_text css=&#8221;&#8221;]<\/p>\n<h4 style=\"text-align: center;\"><span style=\"color: #cf003d;\">Esquema E<\/span><\/h4>\n<p style=\"text-align: center;\">2 bastidores plegables \/ 1 de paso<br \/>\n2 bastidores de paso<\/p>\n<p>[\/vc_column_text][vc_empty_space height=&#8221;40px&#8221;][\/vc_column_inner][vc_column_inner width=&#8221;1\/4&#8243;][vc_single_image image=&#8221;11138&#8243; img_size=&#8221;full&#8221; alignment=&#8221;center&#8221; css=&#8221;&#8221; qode_css_animation=&#8221;&#8221;][vc_empty_space height=&#8221;20px&#8221;][vc_column_text css=&#8221;&#8221;]<\/p>\n<h4 style=\"text-align: center;\"><span style=\"color: #cf003d;\">Esquema F<\/span><\/h4>\n<p style=\"text-align: center;\">4 bastidores plegables<br \/>\n1 bastidor de paso<\/p>\n<p>[\/vc_column_text][vc_empty_space height=&#8221;40px&#8221;][\/vc_column_inner][vc_column_inner width=&#8221;1\/4&#8243;][vc_single_image image=&#8221;11144&#8243; img_size=&#8221;full&#8221; alignment=&#8221;center&#8221; css=&#8221;&#8221; qode_css_animation=&#8221;&#8221;][vc_empty_space height=&#8221;20px&#8221;][vc_column_text css=&#8221;&#8221;]<\/p>\n<h4 style=\"text-align: center;\"><span style=\"color: #cf003d;\">Esquema G<\/span><\/h4>\n<p style=\"text-align: center;\">4 bastidores plegables<br \/>\n1 bastidor de paso<\/p>\n<p>[\/vc_column_text][vc_empty_space height=&#8221;40px&#8221;][\/vc_column_inner][vc_column_inner width=&#8221;1\/4&#8243;][vc_single_image image=&#8221;11141&#8243; img_size=&#8221;full&#8221; alignment=&#8221;center&#8221; css=&#8221;&#8221; qode_css_animation=&#8221;&#8221;][vc_empty_space height=&#8221;20px&#8221;][vc_column_text css=&#8221;&#8221;]<\/p>\n<h4 style=\"text-align: center;\"><span style=\"color: #cf003d;\">Esquema H<\/span><\/h4>\n<p style=\"text-align: center;\">3 bastidores plegables<br \/>\n2 bastidores plegables \/ 1 de paso<\/p>\n<p>[\/vc_column_text][vc_empty_space height=&#8221;40px&#8221;][\/vc_column_inner][\/vc_row_inner][vc_row_inner row_type=&#8221;row&#8221; type=&#8221;grid&#8221; text_align=&#8221;left&#8221; css_animation=&#8221;&#8221;][vc_column_inner width=&#8221;1\/4&#8243;][vc_single_image image=&#8221;11147&#8243; img_size=&#8221;full&#8221; alignment=&#8221;center&#8221; css=&#8221;&#8221; qode_css_animation=&#8221;&#8221;][vc_empty_space height=&#8221;20px&#8221;][vc_column_text css=&#8221;&#8221;]<\/p>\n<h4 style=\"text-align: center;\"><span style=\"color: #cf003d;\">Esquema I<\/span><\/h4>\n<p style=\"text-align: center;\">5 bastidores plegables<br \/>\n1 bastidor de paso<\/p>\n<p>[\/vc_column_text][vc_empty_space height=&#8221;40px&#8221;][\/vc_column_inner][vc_column_inner width=&#8221;1\/4&#8243;][vc_single_image image=&#8221;11150&#8243; img_size=&#8221;full&#8221; alignment=&#8221;center&#8221; css=&#8221;&#8221; qode_css_animation=&#8221;&#8221;][vc_empty_space height=&#8221;20px&#8221;][vc_column_text css=&#8221;&#8221;]<\/p>\n<h4 style=\"text-align: center;\"><span style=\"color: #cf003d;\">Esquema J<\/span><\/h4>\n<p style=\"text-align: center;\">4 bastidores plegables<br \/>\n2 bastidores plegables \/ 1 de paso<\/p>\n<p>[\/vc_column_text][vc_empty_space height=&#8221;40px&#8221;][\/vc_column_inner][vc_column_inner width=&#8221;1\/4&#8243;][vc_single_image image=&#8221;11120&#8243; img_size=&#8221;full&#8221; alignment=&#8221;center&#8221; css=&#8221;&#8221; qode_css_animation=&#8221;&#8221;][vc_empty_space height=&#8221;20px&#8221;][vc_column_text css=&#8221;&#8221;]<\/p>\n<h4 style=\"text-align: center;\"><span style=\"color: #cf003d;\">Esquema K<\/span><\/h4>\n<p style=\"text-align: center;\">6 bastidores plegables<br \/>\n1 bastidor de paso<\/p>\n<p>[\/vc_column_text][vc_empty_space height=&#8221;40px&#8221;][\/vc_column_inner][vc_column_inner width=&#8221;1\/4&#8243;][vc_single_image image=&#8221;11123&#8243; img_size=&#8221;full&#8221; alignment=&#8221;center&#8221; css=&#8221;&#8221; qode_css_animation=&#8221;&#8221;][vc_empty_space height=&#8221;20px&#8221;][vc_column_text css=&#8221;&#8221;]<\/p>\n<h4 style=\"text-align: center;\"><span style=\"color: #cf003d;\">Esquema L<\/span><\/h4>\n<p style=\"text-align: center;\">6 bastidores plegables<br \/>\n1 bastidor de paso<\/p>\n<p>[\/vc_column_text][vc_empty_space height=&#8221;40px&#8221;][\/vc_column_inner][\/vc_row_inner][vc_empty_space height=&#8221;60px&#8221;][\/vc_column][\/vc_row][vc_row css_animation=&#8221;&#8221; row_type=&#8221;row&#8221; use_row_as_full_screen_section=&#8221;no&#8221; type=&#8221;full_width&#8221; angled_section=&#8221;no&#8221; text_align=&#8221;left&#8221; background_image_as_pattern=&#8221;without_pattern&#8221; css=&#8221;.vc_custom_1744102218514{background-color: #EFEFEF !important;}&#8221; z_index=&#8221;&#8221;][vc_column][vc_empty_space height=&#8221;60px&#8221;][vc_row_inner row_type=&#8221;row&#8221; type=&#8221;grid&#8221; text_align=&#8221;center&#8221; css_animation=&#8221;&#8221;][vc_column_inner][vc_column_text css=&#8221;&#8221;]<\/p>\n<h2 style=\"text-align: center;\"><strong><span style=\"color: #cf003d;\">Otras formas de apertura<\/span><\/strong><\/h2>\n<p style=\"text-align: center;\">Otras opciones de apertura para satisfacer todas tus necesidades.<\/p>\n<p>[\/vc_column_text][vc_separator type=&#8221;normal&#8221; color=&#8221;#FFFFFF&#8221;][vc_empty_space][vc_basic_grid post_type=&#8221;page&#8221; max_items=&#8221;60&#8243; style=&#8221;lazy&#8221; items_per_page=&#8221;60&#8243; element_width=&#8221;2&#8243; gap=&#8221;35&#8243; orderby=&#8221;title&#8221; item=&#8221;11702&#8243; css=&#8221;&#8221; grid_id=&#8221;vc_gid:1744102248120-a40512fc-1694-4&#8243; taxonomies=&#8221;290&#8243;][\/vc_column_inner][\/vc_row_inner][vc_empty_space height=&#8221;60px&#8221;][\/vc_column][\/vc_row]<\/p>\n<\/div>","protected":false},"excerpt":{"rendered":"<p>[vc_row css_animation=&#8221;&#8221; row_type=&#8221;row&#8221; use_row_as_full_screen_section=&#8221;no&#8221; type=&#8221;full_width&#8221; angled_section=&#8221;no&#8221; text_align=&#8221;left&#8221; background_image_as_pattern=&#8221;without_pattern&#8221;][vc_column][vc_empty_space height=&#8221;40px&#8221;][vc_row_inner row_type=&#8221;row&#8221; type=&#8221;grid&#8221; text_align=&#8221;left&#8221; css_animation=&#8221;&#8221;][vc_column_inner width=&#8221;1\/6&#8243;][\/vc_column_inner][vc_column_inner width=&#8221;2\/3&#8243;][vc_column_text css=&#8221;&#8221;] &nbsp; Este sistema aperturas para puertas plegables permite liberar completamente el espacio deseado, ya que la puerta se pliega en forma de acorde\u00f3n, aprovechando al m\u00e1ximo la superficie disponible.[\/vc_column_text][\/vc_column_inner][vc_column_inner&#8230;<\/p>\n","protected":false},"author":1,"featured_media":11101,"parent":14189,"menu_order":0,"comment_status":"closed","ping_status":"closed","template":"full_width.php","meta":{"footnotes":""},"categories":[308,319],"tags":[313],"class_list":["post-14237","page","type-page","status-publish","has-post-thumbnail","hentry","category-irekitzeko-moduak","category-ate-tolesgarrien-irekierakate-tolesgarrien-irekierak","tag-aperturas-puertas"],"_links":{"self":[{"href":"https:\/\/www.construal.es\/eu\/wp-json\/wp\/v2\/pages\/14237","targetHints":{"allow":["GET"]}}],"collection":[{"href":"https:\/\/www.construal.es\/eu\/wp-json\/wp\/v2\/pages"}],"about":[{"href":"https:\/\/www.construal.es\/eu\/wp-json\/wp\/v2\/types\/page"}],"author":[{"embeddable":true,"href":"https:\/\/www.construal.es\/eu\/wp-json\/wp\/v2\/users\/1"}],"replies":[{"embeddable":true,"href":"https:\/\/www.construal.es\/eu\/wp-json\/wp\/v2\/comments?post=14237"}],"version-history":[{"count":0,"href":"https:\/\/www.construal.es\/eu\/wp-json\/wp\/v2\/pages\/14237\/revisions"}],"up":[{"embeddable":true,"href":"https:\/\/www.construal.es\/eu\/wp-json\/wp\/v2\/pages\/14189"}],"wp:featuredmedia":[{"embeddable":true,"href":"https:\/\/www.construal.es\/eu\/wp-json\/wp\/v2\/media\/11101"}],"wp:attachment":[{"href":"https:\/\/www.construal.es\/eu\/wp-json\/wp\/v2\/media?parent=14237"}],"wp:term":[{"taxonomy":"category","embeddable":true,"href":"https:\/\/www.construal.es\/eu\/wp-json\/wp\/v2\/categories?post=14237"},{"taxonomy":"post_tag","embeddable":true,"href":"https:\/\/www.construal.es\/eu\/wp-json\/wp\/v2\/tags?post=14237"}],"curies":[{"name":"wp","href":"https:\/\/api.w.org\/{rel}","templated":true}]}}