{"id":2506,"date":"2018-03-01T09:37:05","date_gmt":"2018-03-01T09:37:05","guid":{"rendered":"http:\/\/www.construal.es\/empresa\/"},"modified":"2026-04-10T16:42:09","modified_gmt":"2026-04-10T14:42:09","slug":"enpresa","status":"publish","type":"page","link":"https:\/\/www.construal.es\/eu\/enpresa\/","title":{"rendered":"Enpresa"},"content":{"rendered":"<div class=\"wpb-content-wrapper\"><p>[vc_row css_animation=&#8221;&#8221; row_type=&#8221;row&#8221; use_row_as_full_screen_section=&#8221;no&#8221; type=&#8221;grid&#8221; angled_section=&#8221;no&#8221; text_align=&#8221;left&#8221; background_image_as_pattern=&#8221;without_pattern&#8221; z_index=&#8221;&#8221;][vc_column][vc_row_inner row_type=&#8221;row&#8221; type=&#8221;grid&#8221; text_align=&#8221;left&#8221; css_animation=&#8221;&#8221;][vc_column_inner width=&#8221;1\/2&#8243;][vc_empty_space height=&#8221;60px&#8221;][vc_column_text css=&#8221;&#8221;]<strong><span style=\"color: #c20e1a;\">Construal<\/span> <\/strong>\u00a0errioxako enpresa bat da, bi hamarkada baino gehiagoko esperientzia duena PVC eta aluminiozko leiho eta ateen diseinu eta fabrikazioan. Navarreten (Errioxa) dituen instalazioetatik, non bi fabrika espezializatu dituen, bata aluminioari eskainia eta bestea PVCari, eta, oro har, 10.000 m\u00b2 baino gehiago dituen biltegi handi bat, berrikuntza, energia-eraginkortasuna eta estetika uztartzen dituzten itxitura-soluzioak garatzen ditu.<\/p>\n<p>&nbsp;<\/p>\n<p>Kalitatearekin, jasangarritasunarekin eta sektoreko banatzaile eta profesionalentzako zerbitzuarekin duen konpromisoak erreferente bihurtu du merkatu nazionalaren barruan, Espainiako zati handi batean zabaltzen den kolaboratzaile sare batekin, eta horrek aukera ematen dio funtsezko eskualdeetan egoteko, hala nola Aragoin, Asturiasen, Kantabrian, Gaztela eta Leonen, Gaztela-Mantxan, Katalunian, Errioxan, Madrilen, Euskadin eta Valentzian, proiektu bakoitzari hurbileko eta egokitutako zerbitzua eskainiz.[\/vc_column_text][vc_empty_space height=&#8221;20px&#8221;][\/vc_column_inner][vc_column_inner width=&#8221;1\/2&#8243;][vc_single_image image=&#8221;14578&#8243; img_size=&#8221;full&#8221; alignment=&#8221;center&#8221; css=&#8221;&#8221; qode_css_animation=&#8221;&#8221;][\/vc_column_inner][\/vc_row_inner][vc_empty_space height=&#8221;30px&#8221;][\/vc_column][\/vc_row][vc_row css_animation=&#8221;&#8221; row_type=&#8221;row&#8221; use_row_as_full_screen_section=&#8221;no&#8221; type=&#8221;full_width&#8221; angled_section=&#8221;no&#8221; text_align=&#8221;left&#8221; background_image_as_pattern=&#8221;without_pattern&#8221; row_negative_margin=&#8221;disable_negative_margin&#8221; css=&#8221;.vc_custom_1758128656285{margin-top: 0px !important;margin-right: 0px !important;margin-bottom: 0px !important;margin-left: 0px !important;padding-top: 0px !important;padding-right: 0px !important;padding-bottom: 0px !important;padding-left: 0px !important;background-position: center !important;background-repeat: no-repeat !important;background-size: cover !important;}&#8221; z_index=&#8221;&#8221; side_padding=&#8221;0&#8243; padding_top=&#8221;0&#8243; padding_bottom=&#8221;0&#8243;][vc_column css=&#8221;.vc_custom_1758117878398{margin: 0px !important;padding: 0px !important;border: 0px initial !important;}&#8221;][vc_single_image image=&#8221;13335&#8243; img_size=&#8221;full&#8221; alignment=&#8221;center&#8221; css=&#8221;.vc_custom_1758129539147{margin-top: 0px !important;margin-right: 0px !important;margin-bottom: 0px !important;margin-left: 0px !important;padding-top: 0px !important;padding-right: 0px !important;padding-bottom: 0px !important;padding-left: 0px !important;}&#8221; qode_css_animation=&#8221;&#8221; qode_hover_animation=&#8221;zoom_in&#8221;][\/vc_column][\/vc_row][vc_row css_animation=&#8221;&#8221; row_type=&#8221;row&#8221; use_row_as_full_screen_section=&#8221;no&#8221; type=&#8221;full_width&#8221; angled_section=&#8221;no&#8221; text_align=&#8221;left&#8221; background_image_as_pattern=&#8221;without_pattern&#8221; z_index=&#8221;&#8221; css=&#8221;.vc_custom_1558531640405{background-color: #ececec !important;background-position: center !important;background-repeat: no-repeat !important;background-size: cover !important;}&#8221;][vc_column][vc_empty_space height=&#8221;60px&#8221;][vc_row_inner row_type=&#8221;row&#8221; type=&#8221;grid&#8221; text_align=&#8221;left&#8221; css_animation=&#8221;&#8221;][vc_column_inner width=&#8221;1\/3&#8243;]<div class='q_icon_with_title small custom_icon_image center '><div class=\"icon_holder \" style=\" \"><img decoding=\"async\" src=\"https:\/\/www.construal.es\/wp-content\/uploads\/politica-calidad-construal.png\" alt=\"pol\u00edtica de calidad\" title=\"\"><\/a><\/div><div class=\"icon_text_holder\" style=\"\"><div class=\"icon_text_inner\" style=\"\"><h5 class=\"icon_title\" style=\"\">Kalitate Politika<\/h5><p style=''>Giza talde osoaren parte-hartze aktiboa eskatzen duen Kalitate Politika dugu. Hori lortzeko, Zuzendaritzak lehentasunezkotzat jotzen du prestakuntza-politikak ziurtatzea.<\/p><a itemprop='url' class='icon_with_title_link' href='\/documentos\/POLITICA-DE-CALIDAD-CONSTRUAL.pdf' target='_blank' style=''>Irakurri gure &#039;Kalitate Politika&#039;<\/a><\/div><\/div><\/div>[vc_empty_space height=&#8221;20px&#8221;][\/vc_column_inner][vc_column_inner width=&#8221;1\/3&#8243;]<div class='q_icon_with_title medium normal_icon center '><div class=\"icon_holder \" style=\" \"><a href=\"https:\/\/www.construal.es\/eu\/banatzailea-izan-nahi-dut\/\" target=\"_self\" class=\"q_icon_link\"><span data-icon-type=\"normal\" data-icon-hover-color=\"#cf003d\" class=\"qode_iwt_icon_holder q_font_awsome_icon fa-3x  \"><span aria-hidden=\"true\" class=\"qode_icon_font_elegant icon_globe-2 qode_iwt_icon_element\" style=\"color: #cf003d\"><\/span><\/span><\/a><\/div><div class=\"icon_text_holder\" style=\"\"><div class=\"icon_text_inner\" style=\"\"><h5 class=\"icon_title\" style=\"\">Banatzaileak pozik eta lasai<\/h5><p style=''>Produktuak eta prozesuak hobetzearen eta gure bezeroen gogobetetzearen alde egiten dugun apustu eta kezka etengabearen ondorioz, banatzaile handien sare zabal bat dugu, eta gaur egun Aragoin, Kantabrian, Gaztela eta Leonen, Katalunian, Errioxan, Madrilen eta Euskadin merkaturatzen dituzte beren produktuak.<\/p><a itemprop='url' class='icon_with_title_link' href='https:\/\/www.construal.es\/eu\/banatzailea-izan-nahi-dut\/' target='_self' style=''>Banatzailea izan nahi duzu?<\/a><\/div><\/div><\/div>[vc_empty_space height=&#8221;20px&#8221;][\/vc_column_inner][vc_column_inner width=&#8221;1\/3&#8243;]<div class='q_icon_with_title medium normal_icon center '><div class=\"icon_holder \" style=\" \"><a href=\"https:\/\/www.construal.es\/eu\/leihoak-eta-ateak-berriztatu-nahi-al-dituzu\/\" target=\"_self\" class=\"q_icon_link\"><span data-icon-type=\"normal\" data-icon-hover-color=\"#cf003d\" class=\"qode_iwt_icon_holder q_font_awsome_icon fa-3x  \"><span aria-hidden=\"true\" class=\"qode_icon_font_elegant icon_group qode_iwt_icon_element\" style=\"color: #cf003d\"><\/span><\/span><\/a><\/div><div class=\"icon_text_holder\" style=\"\"><div class=\"icon_text_inner\" style=\"\"><h5 class=\"icon_title\" style=\"\">Gure bezeroak dira gure baliorik handiena<\/h5><p style=''>Enpresa gisa ditugun zutabe eta helburuen parte dira gure bezeroei tratu bikaina eskaintzea eta behar duten edozein kontsulta edo eskaera laguntzea eta ebaztea.<\/p><a itemprop='url' class='icon_with_title_link' href='https:\/\/www.construal.es\/eu\/leihoak-eta-ateak-berriztatu-nahi-al-dituzu\/' target='_self' style=''>Leihoak eta ateak berritu nahi dituzu?<\/a><\/div><\/div><\/div>[vc_empty_space height=&#8221;20px&#8221;][\/vc_column_inner][\/vc_row_inner][vc_empty_space][\/vc_column][\/vc_row][vc_row css_animation=&#8221;&#8221; row_type=&#8221;row&#8221; use_row_as_full_screen_section=&#8221;yes&#8221; type=&#8221;full_width&#8221; angled_section=&#8221;no&#8221; text_align=&#8221;left&#8221; background_image_as_pattern=&#8221;without_pattern&#8221; anchor=&#8221;certificados-y-homologaciones&#8221; z_index=&#8221;&#8221;][vc_column][vc_empty_space height=&#8221;60px&#8221;][vc_row_inner row_type=&#8221;row&#8221; type=&#8221;grid&#8221; text_align=&#8221;left&#8221; css_animation=&#8221;&#8221;][vc_column_inner width=&#8221;1\/4&#8243;][vc_single_image image=&#8221;13285&#8243; img_size=&#8221;full&#8221; alignment=&#8221;center&#8221; css=&#8221;&#8221; qode_css_animation=&#8221;&#8221;][\/vc_column_inner][vc_column_inner width=&#8221;3\/4&#8243;][vc_column_text css=&#8221;&#8221;]Kalitatearen eta bikaintasunaren aldeko etengabeko apustuan, Construal-ek K\u00f6mmerling sartu du PVC profilen hornitzaile estrategiko gisa. K\u00f6mmerling nazioartean ezaguna den marka da, eta Europan liderra prestazio handiko leiho eta ate sistemen ekoizpenean. Bere ibilbidea berrikuntza teknologikoak, energetikoki eraginkorrak diren soluzioen bilaketak eta prozesu guztietan jasangarritasunerako orientazio sendoak markatzen dute.<\/p>\n<p>&nbsp;<\/p>\n<p>Construal eta K\u00f6mmerlingen arteko aliantza urrats erabakigarria da bi konpainien estrategian: diseinua, segurtasuna eta efizientzia uztartzen dituzten premium soluzioak eskaintzea, betiere ingurumena zaintzeko konpromisoarekin.[\/vc_column_text][\/vc_column_inner][\/vc_row_inner][vc_empty_space height=&#8221;60px&#8221;][vc_row_inner row_type=&#8221;row&#8221; type=&#8221;grid&#8221; text_align=&#8221;left&#8221; css_animation=&#8221;&#8221;][vc_column_inner][vc_column_text css=&#8221;&#8221;]<\/p>\n<h2 style=\"text-align: center;\">Ziurtagiriak eta homologazioak<\/h2>\n<p>[\/vc_column_text][vc_separator type=&#8221;normal&#8221; color=&#8221;#ececec&#8221; up=&#8221;15&#8243; down=&#8221;50&#8243;][\/vc_column_inner][\/vc_row_inner][vc_row_inner row_type=&#8221;row&#8221; type=&#8221;grid&#8221; text_align=&#8221;left&#8221; css_animation=&#8221;&#8221;][vc_column_inner width=&#8221;1\/3&#8243;][vc_gallery type=&#8221;image_grid&#8221; images=&#8221;14585,14586&#8243; img_size=&#8221;120&#215;101&#8243; onclick=&#8221;&#8221; css=&#8221;&#8221; column_number=&#8221;3&#8243; grayscale=&#8221;no&#8221; images_space=&#8221;gallery_without_space&#8221;][vc_empty_space height=&#8221;10px&#8221;][vc_column_text css=&#8221;&#8221;]<\/p>\n<p style=\"text-align: left;\"><strong>CERTIFICADOS DE CALIDAD Y GESTI\u00d3N AMBIENTAL (AENOR)<\/strong><\/p>\n<p>K\u00f6mmerling dispone del <strong>Certificado de Calidad ISO 9001<\/strong> y del <strong>Certificado de Gesti\u00f3n Ambiental ISO 14001<\/strong>, ambos otorgados por <strong>AENOR<\/strong>.[\/vc_column_text][vc_empty_space height=&#8221;40px&#8221;][\/vc_column_inner][vc_column_inner width=&#8221;1\/3&#8243;][vc_single_image image=&#8221;13296&#8243; img_size=&#8221;full&#8221; css=&#8221;&#8221; qode_css_animation=&#8221;&#8221;][vc_empty_space height=&#8221;10px&#8221;][vc_column_text css=&#8221;&#8221;]<\/p>\n<p style=\"text-align: left;\"><strong>CERTIFICADO DE GESTI\u00d3N ENERG\u00c9TICA (T\u00dcV RHEINLAND)<\/strong><\/p>\n<p>K\u00f6mmerling, ya que tiene el <strong>Certificado de Gesti\u00f3n Energ\u00e9tica ISO 50001<\/strong>, concedido por T\u00dcV Rheinland, el cual garantiza que cuenta con un sistema eficaz de gesti\u00f3n energ\u00e9tica.[\/vc_column_text][vc_empty_space height=&#8221;40px&#8221;][\/vc_column_inner][vc_column_inner width=&#8221;1\/3&#8243;][vc_single_image image=&#8221;14579&#8243; img_size=&#8221;full&#8221; css=&#8221;&#8221; qode_css_animation=&#8221;&#8221;][vc_empty_space height=&#8221;10px&#8221;][vc_column_text css=&#8221;&#8221;]<\/p>\n<p style=\"text-align: left;\"><strong>DECLARACI\u00d3N AMBIENTAL DE PRODUCTO (DAP) PROPIA<\/strong><\/p>\n<p>K\u00f6mmerling cuenta con <strong>Declaraci\u00f3n Ambiental de Producto (DAP)<\/strong> propia para varios sistemas. Estas DAP est\u00e1n calculadas para la producci\u00f3n en sus instalaciones de Espa\u00f1a.[\/vc_column_text][vc_empty_space height=&#8221;40px&#8221;][\/vc_column_inner][\/vc_row_inner][vc_row_inner row_type=&#8221;row&#8221; type=&#8221;grid&#8221; text_align=&#8221;left&#8221; css_animation=&#8221;&#8221;][vc_column_inner width=&#8221;1\/3&#8243;][vc_single_image image=&#8221;14580&#8243; img_size=&#8221;92&#215;120&#8243; css=&#8221;&#8221; qode_css_animation=&#8221;&#8221;][vc_empty_space height=&#8221;10px&#8221;][vc_column_text css=&#8221;&#8221;]<\/p>\n<p style=\"text-align: left;\"><strong>MARCA N DE PRODUCTO DE AENOR<\/strong><\/p>\n<p style=\"text-align: left;\">Los principales sistemas de K\u00f6mmerling cuentan con la <strong>Marca N de AENOR<\/strong>, s\u00edmbolo reconocido en el sector que acredita que los productos cumplen estrictamente con las normas de calidad. Obtener la Marca N supone un aval independiente de confianza y calidad.<\/p>\n<p>[\/vc_column_text][vc_empty_space height=&#8221;40px&#8221;][\/vc_column_inner][vc_column_inner width=&#8221;1\/3&#8243;][vc_single_image image=&#8221;14581&#8243; img_size=&#8221;&#8221; css=&#8221;&#8221; qode_css_animation=&#8221;&#8221;][vc_empty_space height=&#8221;10px&#8221;][vc_column_text css=&#8221;&#8221;]<\/p>\n<p style=\"text-align: left;\"><strong>CERTIFICADOS VINYLPLUS<\/strong><\/p>\n<p>K\u00f6mmerling posee la Etiqueta de Producto VinylPlus, un sello que se otorga a los productos que acreditan su <strong>alto rendimiento y sostenibilidad<\/strong>.[\/vc_column_text][\/vc_column_inner][vc_column_inner width=&#8221;1\/3&#8243;][vc_single_image image=&#8221;14582&#8243; img_size=&#8221;&#8221; css=&#8221;&#8221; qode_css_animation=&#8221;&#8221;][vc_empty_space height=&#8221;10px&#8221;][vc_column_text css=&#8221;&#8221;]<\/p>\n<p style=\"text-align: left;\"><strong>Certificado PELLETS CERO<\/strong><\/p>\n<p>K\u00f6mmerling tambi\u00e9n cuenta con el certificado <strong>P\u00e9rdida de Pellets Cero<\/strong>, otorgado por la iniciativa pro-K, con el fin de <strong>proteger el fondo marino<\/strong>.[\/vc_column_text][\/vc_column_inner][\/vc_row_inner][vc_row_inner row_type=&#8221;row&#8221; type=&#8221;grid&#8221; text_align=&#8221;left&#8221; css_animation=&#8221;&#8221;][vc_column_inner][vc_separator type=&#8221;normal&#8221; color=&#8221;#ececec&#8221; up=&#8221;40&#8243; down=&#8221;40&#8243;][\/vc_column_inner][\/vc_row_inner][vc_row_inner row_type=&#8221;row&#8221; type=&#8221;grid&#8221; text_align=&#8221;left&#8221; css_animation=&#8221;&#8221;][vc_column_inner width=&#8221;1\/3&#8243;][vc_single_image image=&#8221;13308&#8243; img_size=&#8221;193&#215;52&#8243; css=&#8221;&#8221; qode_css_animation=&#8221;&#8221;][vc_empty_space height=&#8221;10px&#8221;][vc_column_text css=&#8221;&#8221;]Constructuk Somfy teknologia du, liderra itxituren automatizazioan, erosotasun, segurtasun eta eraginkortasun energetiko handiagoa eskaintzeko. Espazio adimendunak eta jasangarriak ahalbidetzen ditu, kontsumoa % 30era arte murrizten du eta domotikarekin eta urrutiko kontrolarekin bateragarria da, erosotasuna eta balioa emanez.[\/vc_column_text][vc_single_image image=&#8221;13302&#8243; img_size=&#8221;200&#215;124&#8243; css=&#8221;&#8221; qode_css_animation=&#8221;&#8221;][vc_empty_space height=&#8221;40px&#8221;][\/vc_column_inner][vc_column_inner width=&#8221;1\/3&#8243;][vc_single_image image=&#8221;14583&#8243; img_size=&#8221;&#8221; css=&#8221;&#8221; qode_css_animation=&#8221;&#8221;][vc_empty_space height=&#8221;10px&#8221;][vc_column_text css=&#8221;&#8221;]GU, burdinerian eta leiho eta ateen segurtasunean aditua den talde alemaniarra, Construal-en funtsezko aliatua da. Nazioartean duen esperientziak eta berrikuntzak funtzionamendu eta segurtasun optimoak ziurtatzen dituzte Construalek fabrikatutako itxituretan.[\/vc_column_text][vc_empty_space height=&#8221;40px&#8221;][\/vc_column_inner][vc_column_inner width=&#8221;1\/3&#8243;][vc_single_image image=&#8221;14584&#8243; img_size=&#8221;&#8221; css=&#8221;&#8221; qode_css_animation=&#8221;&#8221;][vc_empty_space height=&#8221;10px&#8221;][vc_column_text css=&#8221;&#8221;]Climalit, beira isolatzailean erreferentea, Construal-en funtsezko beste aliatu bat da. Bere soluzioek isolamendu termiko eta akustiko handiagoa eskaintzen dute, leiho eta ateen proiektu bakoitzeko eraginkortasun energetikoa eta erosotasuna hobetuz. Gainera, kalitatea eta iraunkortasuna bermatzen dute itxitura guztietan.[\/vc_column_text][\/vc_column_inner][\/vc_row_inner][vc_empty_space height=&#8221;40px&#8221;][\/vc_column][\/vc_row][vc_row css_animation=&#8221;&#8221; row_type=&#8221;row&#8221; use_row_as_full_screen_section=&#8221;no&#8221; type=&#8221;grid&#8221; in_content_menu=&#8221;in_content_menu&#8221; content_menu_icon=&#8221;&#8221; angled_section=&#8221;no&#8221; text_align=&#8221;center&#8221; background_image_as_pattern=&#8221;without_pattern&#8221; anchor=&#8221;descargas&#8221; content_menu_title=&#8221;Descargas&#8221; z_index=&#8221;&#8221; css=&#8221;.vc_custom_1547032637215{background-color: #ececec !important;}&#8221; el_class=&#8221;descargas&#8221;][vc_column][vc_empty_space height=&#8221;50px&#8221;][vc_column_text css=&#8221;&#8221;]<\/p>\n<h2 style=\"text-align: left;\">Deskargatu eraikuntzaren irudia<\/h2>\n<p>[\/vc_column_text][vc_separator type=&#8221;normal&#8221; color=&#8221;#ffffff&#8221; up=&#8221;15&#8243; down=&#8221;30&#8243;][vc_row_inner row_type=&#8221;row&#8221; type=&#8221;grid&#8221; text_align=&#8221;center&#8221; css_animation=&#8221;&#8221;][vc_column_inner width=&#8221;1\/4&#8243; css=&#8221;.vc_custom_1546526401237{padding: 0px !important;}&#8221;][vc_empty_space height=&#8221;15px&#8221;][vc_single_image image=&#8221;3244&#8243; img_size=&#8221;full&#8221; alignment=&#8221;center&#8221; qode_css_animation=&#8221;&#8221;][vc_empty_space][\/vc_column_inner][vc_column_inner width=&#8221;3\/4&#8243;][vc_empty_space height=&#8221;15px&#8221;][vc_column_text css=&#8221;&#8221;]<\/p>\n<p style=\"text-align: center;\"><strong>DESKARGEN<\/strong> eremuan <strong>CONSTRUALi<\/strong> buruzko informazio gehiago aurkituko duzu.<\/p>\n<p>[\/vc_column_text][vc_empty_space height=&#8221;10px&#8221;][vc_btn title=&#8221;DESKARGEN eremua&#8221; style=&#8221;outline-custom&#8221; outline_custom_color=&#8221;#cf003d&#8221; outline_custom_hover_background=&#8221;#cf003d&#8221; outline_custom_hover_text=&#8221;#ffffff&#8221; shape=&#8221;square&#8221; css=&#8221;&#8221; link=&#8221;url:https%3A%2F%2Fwww.construal.es%2Feu%2Fdeskargak%2F|title:DESKARGEN%20eremua|rel:nofollow&#8221;][\/vc_column_inner][\/vc_row_inner][vc_empty_space height=&#8221;35px&#8221;][\/vc_column][\/vc_row]<\/p>\n<\/div>","protected":false},"excerpt":{"rendered":"<p>[vc_row css_animation=&#8221;&#8221; row_type=&#8221;row&#8221; use_row_as_full_screen_section=&#8221;no&#8221; type=&#8221;grid&#8221; angled_section=&#8221;no&#8221; text_align=&#8221;left&#8221; background_image_as_pattern=&#8221;without_pattern&#8221; z_index=&#8221;&#8221;][vc_column][vc_row_inner row_type=&#8221;row&#8221; type=&#8221;grid&#8221; text_align=&#8221;left&#8221; css_animation=&#8221;&#8221;][vc_column_inner width=&#8221;1\/2&#8243;][vc_empty_space height=&#8221;60px&#8221;][vc_column_text css=&#8221;&#8221;]Construal \u00a0errioxako enpresa bat da, bi hamarkada baino gehiagoko esperientzia duena PVC eta aluminiozko leiho eta ateen diseinu eta fabrikazioan. Navarreten (Errioxa) dituen instalazioetatik, non bi fabrika espezializatu dituen, bata&#8230;<\/p>\n","protected":false},"author":1,"featured_media":0,"parent":0,"menu_order":0,"comment_status":"closed","ping_status":"closed","template":"full_width.php","meta":{"footnotes":""},"categories":[],"tags":[],"class_list":["post-2506","page","type-page","status-publish","hentry"],"_links":{"self":[{"href":"https:\/\/www.construal.es\/eu\/wp-json\/wp\/v2\/pages\/2506","targetHints":{"allow":["GET"]}}],"collection":[{"href":"https:\/\/www.construal.es\/eu\/wp-json\/wp\/v2\/pages"}],"about":[{"href":"https:\/\/www.construal.es\/eu\/wp-json\/wp\/v2\/types\/page"}],"author":[{"embeddable":true,"href":"https:\/\/www.construal.es\/eu\/wp-json\/wp\/v2\/users\/1"}],"replies":[{"embeddable":true,"href":"https:\/\/www.construal.es\/eu\/wp-json\/wp\/v2\/comments?post=2506"}],"version-history":[{"count":0,"href":"https:\/\/www.construal.es\/eu\/wp-json\/wp\/v2\/pages\/2506\/revisions"}],"wp:attachment":[{"href":"https:\/\/www.construal.es\/eu\/wp-json\/wp\/v2\/media?parent=2506"}],"wp:term":[{"taxonomy":"category","embeddable":true,"href":"https:\/\/www.construal.es\/eu\/wp-json\/wp\/v2\/categories?post=2506"},{"taxonomy":"post_tag","embeddable":true,"href":"https:\/\/www.construal.es\/eu\/wp-json\/wp\/v2\/tags?post=2506"}],"curies":[{"name":"wp","href":"https:\/\/api.w.org\/{rel}","templated":true}]}}